{"id":9400,"date":"2023-09-28T21:26:13","date_gmt":"2023-09-28T21:26:13","guid":{"rendered":"https:\/\/www.memory-star-kids.com\/kurse-fuer-lehrkraefte-copy\/"},"modified":"2024-02-09T13:06:25","modified_gmt":"2024-02-09T13:06:25","slug":"kooperation","status":"publish","type":"page","link":"https:\/\/www.memory-star-kids.com\/de\/kooperation\/","title":{"rendered":"Kooperation"},"content":{"rendered":"<section class=\"l-section wpb_row height_auto width_full\"><div class=\"l-section-h i-cf\"><div class=\"g-cols vc_row via_grid cols_1 laptops-cols_inherit tablets-cols_inherit mobiles-cols_1 valign_middle type_default stacking_default\"><div class=\"wpb_column vc_column_container\"><div class=\"vc_column-inner\"><div class=\"w-image align_none\"><div class=\"w-image-h\"><img decoding=\"async\" width=\"1900\" height=\"400\" src=\"https:\/\/www.memory-star-kids.com\/wp-content\/uploads\/2020\/09\/partner_HB2-1.jpg\" class=\"attachment-full size-full\" alt=\"\" loading=\"lazy\" srcset=\"https:\/\/www.memory-star-kids.com\/wp-content\/uploads\/2020\/09\/partner_HB2-1.jpg 1900w, https:\/\/www.memory-star-kids.com\/wp-content\/uploads\/2020\/09\/partner_HB2-1-300x63.jpg 300w, https:\/\/www.memory-star-kids.com\/wp-content\/uploads\/2020\/09\/partner_HB2-1-1024x216.jpg 1024w, https:\/\/www.memory-star-kids.com\/wp-content\/uploads\/2020\/09\/partner_HB2-1-600x126.jpg 600w\" sizes=\"auto, (max-width: 1900px) 100vw, 1900px\" \/><\/div><\/div><\/div><\/div><\/div><\/div><\/section><section class=\"l-section wpb_row height_small\"><div class=\"l-section-h i-cf\"><div class=\"g-cols vc_row via_grid cols_1 laptops-cols_inherit tablets-cols_inherit mobiles-cols_1 valign_top type_default stacking_default\"><div class=\"wpb_column vc_column_container text-msk-animated text-obelix\"><div class=\"vc_column-inner\"><div class=\"wpb_text_column\"><div class=\"wpb_wrapper\"><h1 style=\"text-align: center;\">Kooperation mit Schulen und Kitas<\/h1>\n<\/div><\/div><div class=\"w-separator us_custom_053637e0 has_text_color size_custom with_line width_default thick_2 style_dotted color_border align_center with_content\" style=\"height:\"><div class=\"w-separator-h\"><i class=\"fas fa-star\"><\/i><\/div><\/div><\/div><\/div><\/div><\/div><\/section><section class=\"l-section wpb_row us_custom_70facfb4 height_auto\"><div class=\"l-section-h i-cf\"><div class=\"g-cols vc_row via_grid cols_1 laptops-cols_inherit tablets-cols_inherit mobiles-cols_1 valign_top type_default stacking_default\"><div class=\"wpb_column vc_column_container\"><div class=\"vc_column-inner\"><div class=\"wpb_text_column us_custom_95ebd667 has_text_color\"><div class=\"wpb_wrapper\"><p style=\"text-align: center;\">MEMORY STAR KIDS bietet Kurse f\u00fcr die Kinder aus Ihrer Bildungseinrichtung an!<\/p>\n<\/div><\/div><\/div><\/div><\/div><\/div><\/section><section class=\"l-section wpb_row height_auto\"><div class=\"l-section-h i-cf\"><div class=\"g-cols vc_row via_grid cols_1 laptops-cols_inherit tablets-cols_inherit mobiles-cols_1 valign_top type_default stacking_default\"><div class=\"wpb_column vc_column_container us_custom_cc4c35f6\"><div class=\"vc_column-inner\"><div class=\"g-cols wpb_row via_grid cols_1-2 laptops-cols_inherit tablets-cols_inherit mobiles-cols_1 valign_top type_default stacking_default\" style=\"--columns-gap:3rem;\"><div class=\"wpb_column vc_column_container us_custom_62e46706\"><div class=\"vc_column-inner\"><div class=\"w-image align_none\"><div class=\"w-image-h\"><img decoding=\"async\" width=\"1024\" height=\"1024\" src=\"https:\/\/www.memory-star-kids.com\/wp-content\/uploads\/2023\/09\/medalien1-1024x1024.png\" class=\"attachment-large size-large\" alt=\"\" loading=\"lazy\" srcset=\"https:\/\/www.memory-star-kids.com\/wp-content\/uploads\/2023\/09\/medalien1-1024x1024.png 1024w, https:\/\/www.memory-star-kids.com\/wp-content\/uploads\/2023\/09\/medalien1-300x300.png 300w, https:\/\/www.memory-star-kids.com\/wp-content\/uploads\/2023\/09\/medalien1-150x150.png 150w, https:\/\/www.memory-star-kids.com\/wp-content\/uploads\/2023\/09\/medalien1-500x500.png 500w, https:\/\/www.memory-star-kids.com\/wp-content\/uploads\/2023\/09\/medalien1.png 1080w\" sizes=\"auto, (max-width: 1024px) 100vw, 1024px\" \/><\/div><\/div><\/div><\/div><div class=\"wpb_column vc_column_container\"><div class=\"vc_column-inner\"><div class=\"wpb_text_column us_custom_67399a73 has_text_color\"><div class=\"wpb_wrapper\"><h2 class=\"text-blue\">Wir kooperieren erfolgreich mit Bildungseinrichtungen!<\/h2>\n<\/div><\/div><div class=\"wpb_text_column\"><div class=\"wpb_wrapper\"><div class=\"flex flex-grow flex-col max-w-full\">\n<div class=\"min-h-&#091;20px&#093; text-message flex flex-col items-start gap-3 whitespace-pre-wrap break-words &#091;.text-message+&amp;&#093;:mt-5 overflow-x-auto\" data-message-author-role=\"assistant\" data-message-id=\"8937b404-04c0-4fa4-b5c2-8773d0e1dfa2\">\n<div class=\"markdown prose w-full break-words dark:prose-invert light\">\n<p>Sehr geehrte\/r potenzielle\/r Partner\/in,<\/p>\n<p>M\u00f6chten Sie sich unserer Bildungsinitiative anschlie\u00dfen?<\/p>\n<p>Sind Sie als Lehrkraft t\u00e4tig oder arbeiten Sie in einer Schule, einem Kindergarten oder einer anderen Bildungseinrichtung?<\/p>\n<p>Wir freuen uns, Ihnen unsere Kurse f\u00fcr Kinder anbieten zu k\u00f6nnen und laden Sie herzlich ein, Teil unserer Organisation zu werden.<\/p>\n<\/div>\n<\/div>\n<\/div>\n<\/div><\/div><div class=\"w-btn-wrapper align_left\"><a class=\"w-btn us-btn-style_1 us_custom_2b1a2cb4 icon_atleft\" href=\"https:\/\/www.memory-star-kids.com\/de\/ueber-uns\/kontakt\/\"><i class=\"fas fa-angle-double-right\"><\/i><span class=\"w-btn-label\">Anmelden<\/span><\/a><\/div><\/div><\/div><\/div><\/div><\/div><\/div><\/div><\/section><section class=\"l-section wpb_row height_small\"><div class=\"l-section-h i-cf\"><div class=\"g-cols vc_row via_grid cols_3 laptops-cols_inherit tablets-cols_inherit mobiles-cols_1 valign_top type_default stacking_default\"><div class=\"wpb_column vc_column_container us_custom_e25e0300\"><div class=\"vc_column-inner\"><div class=\"g-cols wpb_row via_grid cols_1 laptops-cols_inherit tablets-cols_inherit mobiles-cols_1 valign_top type_default stacking_default\" style=\"--columns-gap:3rem;\"><div class=\"wpb_column vc_column_container us_custom_62e46706\"><div class=\"vc_column-inner\"><div class=\"w-message us_custom_e9df1017 has_text_color color_blue\"><div class=\"w-message-body\"><p>MENTAL-ARITHMETIK<\/p>\n<\/div><\/div><div class=\"wpb_text_column\"><div class=\"wpb_wrapper\"><p><i class=\"fa fa-star text-orange\"><\/i> Auffassungsgabe<br \/>\n<i class=\"fa fa-star text-green\"><\/i> Konzentrationsf\u00e4higkeit<br \/>\n<i class=\"fa fa-star text-lilac\"><\/i> Mathematisches Verst\u00e4ndnis<br \/>\n<i class=\"fa fa-star text-blue\"><\/i> Kreativit\u00e4t<br \/>\n<i class=\"fa fa-star text-lilac\"><\/i> bessere Schulleistungen<br \/>\n<i class=\"fa fa-star text-teal\"><\/i> und viele weitere&#8230;<\/p>\n<\/div><\/div><div class=\"w-image align_none\"><div class=\"w-image-h\"><img decoding=\"async\" width=\"500\" height=\"380\" src=\"https:\/\/www.memory-star-kids.com\/wp-content\/uploads\/2020\/06\/Hase-Mental-Arithmetik-02.png\" class=\"attachment-large size-large\" alt=\"\" loading=\"lazy\" srcset=\"https:\/\/www.memory-star-kids.com\/wp-content\/uploads\/2020\/06\/Hase-Mental-Arithmetik-02.png 500w, https:\/\/www.memory-star-kids.com\/wp-content\/uploads\/2020\/06\/Hase-Mental-Arithmetik-02-300x228.png 300w\" sizes=\"auto, (max-width: 500px) 100vw, 500px\" \/><\/div><\/div><div class=\"w-btn-wrapper align_justify\"><a class=\"w-btn us-btn-style_1 us_custom_4ebc5343 icon_atleft\" title=\"Mental-Arithmetik\" href=\"https:\/\/www.memory-star-kids.com\/de\/online-kurse\/mental-arithmetik\/\"><i class=\"fas fa-angle-double-right\"><\/i><span class=\"w-btn-label\">Mehr erfahren<\/span><\/a><\/div><\/div><\/div><\/div><\/div><\/div><div class=\"wpb_column vc_column_container us_custom_771d58a6\"><div class=\"vc_column-inner\"><div class=\"g-cols wpb_row via_grid cols_1 laptops-cols_inherit tablets-cols_inherit mobiles-cols_1 valign_top type_default stacking_default\" style=\"--columns-gap:3rem;\"><div class=\"wpb_column vc_column_container us_custom_62e46706\"><div class=\"vc_column-inner\"><div class=\"w-message us_custom_c5502b60 has_text_color color_blue\"><div class=\"w-message-body\"><p>Neuro-Art<\/p>\n<\/div><\/div><div class=\"wpb_text_column\"><div class=\"wpb_wrapper\"><p><i class=\"fa fa-star text-orange\"><\/i> Entwicklung beider Hemisph\u00e4ren<br \/>\n<i class=\"fa fa-star text-green\"><\/i> Kreativit\u00e4t<br \/>\n<i class=\"fa fa-star text-lilac\"><\/i> Abstraktes Denken<br \/>\n<i class=\"fa fa-star text-blue\"><\/i> Phantasie<br \/>\n<i class=\"fa fa-star text-blue\"><\/i> Geduld<br \/>\n<i class=\"fa fa-star text-lilac\"><\/i> ausgewogenes Verhalten<\/p>\n<\/div><\/div><div class=\"w-image align_none\"><div class=\"w-image-h\"><img decoding=\"async\" width=\"500\" height=\"380\" src=\"https:\/\/www.memory-star-kids.com\/wp-content\/uploads\/2020\/06\/malen-kinder.png\" class=\"attachment-large size-large\" alt=\"\" loading=\"lazy\" srcset=\"https:\/\/www.memory-star-kids.com\/wp-content\/uploads\/2020\/06\/malen-kinder.png 500w, https:\/\/www.memory-star-kids.com\/wp-content\/uploads\/2020\/06\/malen-kinder-300x228.png 300w\" sizes=\"auto, (max-width: 500px) 100vw, 500px\" \/><\/div><\/div><div class=\"w-btn-wrapper align_justify\"><a class=\"w-btn us-btn-style_1 us_custom_0033ba7a icon_atleft\" title=\"Mental-Arithmetik\" href=\"https:\/\/www.memory-star-kids.com\/de\/online-kurse\/mental-arithmetik\/\"><i class=\"fas fa-angle-double-right\"><\/i><span class=\"w-btn-label\">Mehr erfahren<\/span><\/a><\/div><\/div><\/div><\/div><\/div><\/div><div class=\"wpb_column vc_column_container us_custom_8b886b3d\"><div class=\"vc_column-inner\"><div class=\"g-cols wpb_row via_grid cols_1 laptops-cols_inherit tablets-cols_inherit mobiles-cols_1 valign_top type_default stacking_default\" style=\"--columns-gap:3rem;\"><div class=\"wpb_column vc_column_container\"><div class=\"vc_column-inner\"><div class=\"w-message us_custom_c3545954 has_text_color color_blue\"><div class=\"w-message-body\"><p>Andere Kurse<\/p>\n<\/div><\/div><div class=\"wpb_text_column\"><div class=\"wpb_wrapper\"><p><i class=\"fa fa-star text-green\"><\/i> Rhetorik &amp; Theater<br \/>\n<i class=\"fa fa-star text-lilac\"><\/i> bildende Kunst<br \/>\n<i class=\"fa fa-star text-orange\"><\/i> Musik<br \/>\n<i class=\"fa fa-star text-green\"><\/i> Mathe ab 4 Jahre<br \/>\n<i class=\"fa fa-star text-teal\"><\/i> faszinierende Mathe ab drei<br \/>\n<i class=\"fa fa-star text-lilac\"><\/i> und viel mehr&#8230;<\/p>\n<\/div><\/div><div class=\"w-image align_none\"><div class=\"w-image-h\"><img decoding=\"async\" width=\"500\" height=\"380\" src=\"https:\/\/www.memory-star-kids.com\/wp-content\/uploads\/2020\/06\/partner.png\" class=\"attachment-large size-large\" alt=\"\" loading=\"lazy\" srcset=\"https:\/\/www.memory-star-kids.com\/wp-content\/uploads\/2020\/06\/partner.png 500w, https:\/\/www.memory-star-kids.com\/wp-content\/uploads\/2020\/06\/partner-300x228.png 300w\" sizes=\"auto, (max-width: 500px) 100vw, 500px\" \/><\/div><\/div><div class=\"w-btn-wrapper align_justify\"><a class=\"w-btn us-btn-style_1 us_custom_139acd53 icon_atleft\" title=\"Mental-Arithmetik\" href=\"https:\/\/www.memory-star-kids.com\/de\/online-kurse\/mental-arithmetik\/\"><i class=\"fas fa-angle-double-right\"><\/i><span class=\"w-btn-label\">Mehr erfahren<\/span><\/a><\/div><\/div><\/div><\/div><\/div><\/div><\/div><\/div><\/section><section class=\"l-section wpb_row height_small\"><div class=\"l-section-h i-cf\"><div class=\"g-cols vc_row via_grid cols_1 laptops-cols_inherit tablets-cols_inherit mobiles-cols_1 valign_top type_default stacking_default\"><div class=\"wpb_column vc_column_container\"><div class=\"vc_column-inner\"><div class=\"g-cols wpb_row via_grid cols_3 laptops-cols_inherit tablets-cols_inherit mobiles-cols_1 valign_top type_default stacking_default\" style=\"--columns-gap:3rem;\"><div class=\"wpb_column vc_column_container\"><div class=\"vc_column-inner\"><div class=\"w-video us_custom_62edb605 align_center ratio_16x9 has_iframe\"><div class=\"w-video-h\"><div class=\"BorlabsCookie _brlbs-cb-youtube\"><div class=\"_brlbs-content-blocker\"> <div class=\"_brlbs-embed _brlbs-video-youtube\"> <img class=\"_brlbs-thumbnail\" src=\"https:\/\/www.memory-star-kids.com\/wp-content\/plugins\/borlabs-cookie\/assets\/images\/cb-no-thumbnail.png\" alt=\"YouTube\"> <div class=\"_brlbs-caption\"> <p>Mit dem Laden des Videos akzeptieren Sie die Datenschutzerkl\u00e4rung von YouTube.<br><a href=\"https:\/\/policies.google.com\/privacy\" target=\"_blank\" rel=\"nofollow noopener noreferrer\">Mehr erfahren<\/a><\/p> <p><a class=\"_brlbs-btn _brlbs-icon-play-white\" href=\"#\" data-borlabs-cookie-unblock role=\"button\">Video laden<\/a><\/p> <p><label><input type=\"checkbox\" name=\"unblockAll\" value=\"1\" checked> <small>YouTube immer entsperren<\/small><\/label><\/p> <\/div> <\/div> <\/div><div class=\"borlabs-hide\" data-borlabs-cookie-type=\"content-blocker\" data-borlabs-cookie-id=\"youtube\"><script type=\"text\/template\">PGlmcmFtZSB0aXRsZT0iWW91dHViZSB2aWRlbyBwbGF5ZXIiIHNyYz0iLy93d3cueW91dHViZS1ub2Nvb2tpZS5jb20vZW1iZWQvMjYtNTZDSGdsbEU\/YXV0b3BsYXk9MCZjb250cm9scz0xJm9yaWdpbj1odHRwczovL3d3dy5tZW1vcnktc3Rhci1raWRzLmNvbS9kZS8mbG9vcD0wJm11dGU9MCIgYWxsb3dmdWxsc2NyZWVuPSIxIiBsb2FkaW5nPSJsYXp5Ij48L2lmcmFtZT4=<\/script><\/div><\/div><\/div><\/div><\/div><\/div><div class=\"wpb_column vc_column_container us_custom_eb849559\"><div class=\"vc_column-inner\"><div class=\"wpb_text_column us_custom_8ea971cc has_text_color\"><div class=\"wpb_wrapper\"><h2 class=\"text-msk-1 text-uppercase mb-3\" style=\"text-align: center;\">Galerie<\/h2>\n<\/div><\/div><div class=\"wpb_text_column\"><div class=\"wpb_wrapper\"><p style=\"text-align: center;\">In unserer Galerie zeigen wir Ihnen Fotos und Videos aus dem Unterricht.<br \/>\nMachen Sie sich ein Bild vom MEMORY STAR KIDS Unterricht den Lern-Effekten von Mental-Arithmetik und Mnemotechnik und anderen Kursen.<\/p>\n<\/div><\/div><div class=\"w-btn-wrapper align_center\"><a class=\"w-btn us-btn-style_1 us_custom_139acd53 icon_atleft\" title=\"Standorte\" href=\"https:\/\/memory-star-kids.com\/de\/kurse-vor-ort\/standorte\/\"><i class=\"fas fa-angle-double-right\"><\/i><span class=\"w-btn-label\">Zur Galerie<\/span><\/a><\/div><\/div><\/div><div class=\"wpb_column vc_column_container\"><div class=\"vc_column-inner\"><div class=\"w-video us_custom_62edb605 align_center ratio_16x9 has_iframe\"><div class=\"w-video-h\"><div class=\"BorlabsCookie _brlbs-cb-youtube\"><div class=\"_brlbs-content-blocker\"> <div class=\"_brlbs-embed _brlbs-video-youtube\"> <img class=\"_brlbs-thumbnail\" src=\"https:\/\/www.memory-star-kids.com\/wp-content\/plugins\/borlabs-cookie\/assets\/images\/cb-no-thumbnail.png\" alt=\"YouTube\"> <div class=\"_brlbs-caption\"> <p>Mit dem Laden des Videos akzeptieren Sie die Datenschutzerkl\u00e4rung von YouTube.<br><a href=\"https:\/\/policies.google.com\/privacy\" target=\"_blank\" rel=\"nofollow noopener noreferrer\">Mehr erfahren<\/a><\/p> <p><a class=\"_brlbs-btn _brlbs-icon-play-white\" href=\"#\" data-borlabs-cookie-unblock role=\"button\">Video laden<\/a><\/p> <p><label><input type=\"checkbox\" name=\"unblockAll\" value=\"1\" checked> <small>YouTube immer entsperren<\/small><\/label><\/p> <\/div> <\/div> <\/div><div class=\"borlabs-hide\" data-borlabs-cookie-type=\"content-blocker\" data-borlabs-cookie-id=\"youtube\"><script type=\"text\/template\">PGlmcmFtZSB0aXRsZT0iWW91dHViZSB2aWRlbyBwbGF5ZXIiIHNyYz0iLy93d3cueW91dHViZS1ub2Nvb2tpZS5jb20vZW1iZWQvZ0JuMThucEJrMlU\/YXV0b3BsYXk9MCZjb250cm9scz0xJm9yaWdpbj1odHRwczovL3d3dy5tZW1vcnktc3Rhci1raWRzLmNvbS9kZS8mbG9vcD0wJm11dGU9MCIgYWxsb3dmdWxsc2NyZWVuPSIxIiBsb2FkaW5nPSJsYXp5Ij48L2lmcmFtZT4=<\/script><\/div><\/div><\/div><\/div><\/div><\/div><\/div><\/div><\/div><\/div><\/div><\/section>\n","protected":false},"excerpt":{"rendered":"Kooperation mit Schulen und Kitas MEMORY STAR KIDS bietet Kurse f\u00fcr die Kinder aus Ihrer Bildungseinrichtung an! Wir kooperieren erfolgreich mit Bildungseinrichtungen! Sehr geehrte\/r potenzielle\/r Partner\/in, M\u00f6chten Sie sich unserer Bildungsinitiative anschlie\u00dfen? Sind Sie als Lehrkraft t\u00e4tig oder arbeiten Sie in einer Schule, einem Kindergarten oder einer anderen Bildungseinrichtung? Wir freuen uns, Ihnen unsere Kurse...","protected":false},"author":2,"featured_media":0,"parent":0,"menu_order":10,"comment_status":"closed","ping_status":"closed","template":"","meta":{"_acf_changed":false,"_monsterinsights_skip_tracking":false,"_monsterinsights_sitenote_active":false,"_monsterinsights_sitenote_note":"","_monsterinsights_sitenote_category":0,"_uf_show_specific_survey":0,"_uf_disable_surveys":false,"footnotes":""},"class_list":["post-9400","page","type-page","status-publish","hentry"],"acf":[],"aioseo_notices":[],"yoast_head":"<!-- This site is optimized with the Yoast SEO plugin v26.4 - https:\/\/yoast.com\/wordpress\/plugins\/seo\/ -->\n<title>Kooperation - Memory Star Kids<\/title>\n<meta name=\"description\" content=\"Bei uns k\u00f6nnen Kinder den Mental-Arithmetik- und Mnemotechnik in Berlin und Potsdam besuchen.\" \/>\n<meta name=\"robots\" content=\"index, follow, max-snippet:-1, max-image-preview:large, max-video-preview:-1\" \/>\n<link rel=\"canonical\" href=\"https:\/\/www.memory-star-kids.com\/de\/kooperation\/\" \/>\n<meta property=\"og:locale\" content=\"de_DE\" \/>\n<meta property=\"og:type\" content=\"article\" \/>\n<meta property=\"og:title\" content=\"Kooperation - Memory Star Kids\" \/>\n<meta property=\"og:description\" content=\"Bei uns k\u00f6nnen Kinder den Mental-Arithmetik- und Mnemotechnik in Berlin und Potsdam besuchen.\" \/>\n<meta property=\"og:url\" content=\"https:\/\/www.memory-star-kids.com\/de\/kooperation\/\" \/>\n<meta property=\"og:site_name\" content=\"Memory Star Kids\" \/>\n<meta property=\"article:publisher\" content=\"https:\/\/www.facebook.com\/memorystarkidsru\/\" \/>\n<meta property=\"article:modified_time\" content=\"2024-02-09T13:06:25+00:00\" \/>\n<meta name=\"twitter:card\" content=\"summary_large_image\" \/>\n<meta name=\"twitter:label1\" content=\"Gesch\u00e4tzte Lesezeit\" \/>\n\t<meta name=\"twitter:data1\" content=\"16\u00a0Minuten\" \/>\n<script type=\"application\/ld+json\" class=\"yoast-schema-graph\">{\"@context\":\"https:\/\/schema.org\",\"@graph\":[{\"@type\":\"WebPage\",\"@id\":\"https:\/\/www.memory-star-kids.com\/de\/kooperation\/\",\"url\":\"https:\/\/www.memory-star-kids.com\/de\/kooperation\/\",\"name\":\"Kooperation - Memory Star Kids\",\"isPartOf\":{\"@id\":\"https:\/\/www.memory-star-kids.com\/de\/#website\"},\"datePublished\":\"2023-09-28T21:26:13+00:00\",\"dateModified\":\"2024-02-09T13:06:25+00:00\",\"description\":\"Bei uns k\u00f6nnen Kinder den Mental-Arithmetik- und Mnemotechnik in Berlin und Potsdam besuchen.\",\"breadcrumb\":{\"@id\":\"https:\/\/www.memory-star-kids.com\/de\/kooperation\/#breadcrumb\"},\"inLanguage\":\"de\",\"potentialAction\":[{\"@type\":\"ReadAction\",\"target\":[\"https:\/\/www.memory-star-kids.com\/de\/kooperation\/\"]}]},{\"@type\":\"BreadcrumbList\",\"@id\":\"https:\/\/www.memory-star-kids.com\/de\/kooperation\/#breadcrumb\",\"itemListElement\":[{\"@type\":\"ListItem\",\"position\":1,\"name\":\"Startseite\",\"item\":\"https:\/\/www.memory-star-kids.com\/de\/\"},{\"@type\":\"ListItem\",\"position\":2,\"name\":\"Kooperation\"}]},{\"@type\":\"WebSite\",\"@id\":\"https:\/\/www.memory-star-kids.com\/de\/#website\",\"url\":\"https:\/\/www.memory-star-kids.com\/de\/\",\"name\":\"Memory Star Kids\",\"description\":\"\",\"publisher\":{\"@id\":\"https:\/\/www.memory-star-kids.com\/de\/#organization\"},\"potentialAction\":[{\"@type\":\"SearchAction\",\"target\":{\"@type\":\"EntryPoint\",\"urlTemplate\":\"https:\/\/www.memory-star-kids.com\/de\/?s={search_term_string}\"},\"query-input\":{\"@type\":\"PropertyValueSpecification\",\"valueRequired\":true,\"valueName\":\"search_term_string\"}}],\"inLanguage\":\"de\"},{\"@type\":\"Organization\",\"@id\":\"https:\/\/www.memory-star-kids.com\/de\/#organization\",\"name\":\"MEMORY STAR KIDS\",\"url\":\"https:\/\/www.memory-star-kids.com\/de\/\",\"logo\":{\"@type\":\"ImageObject\",\"inLanguage\":\"de\",\"@id\":\"https:\/\/www.memory-star-kids.com\/de\/#\/schema\/logo\/image\/\",\"url\":\"https:\/\/www.memory-star-kids.com\/wp-content\/uploads\/2020\/06\/msk_WEB-logo-24.png\",\"contentUrl\":\"https:\/\/www.memory-star-kids.com\/wp-content\/uploads\/2020\/06\/msk_WEB-logo-24.png\",\"width\":300,\"height\":131,\"caption\":\"MEMORY STAR KIDS\"},\"image\":{\"@id\":\"https:\/\/www.memory-star-kids.com\/de\/#\/schema\/logo\/image\/\"},\"sameAs\":[\"https:\/\/www.facebook.com\/memorystarkidsru\/\",\"https:\/\/www.instagram.com\/memorystarkids\/\",\"https:\/\/www.youtube.com\/channel\/UCrLNWccwr78ERjLA2pbF8JQ\"]}]}<\/script>\n<!-- \/ Yoast SEO plugin. -->","yoast_head_json":{"title":"Kooperation - Memory Star Kids","description":"Bei uns k\u00f6nnen Kinder den Mental-Arithmetik- und Mnemotechnik in Berlin und Potsdam besuchen.","robots":{"index":"index","follow":"follow","max-snippet":"max-snippet:-1","max-image-preview":"max-image-preview:large","max-video-preview":"max-video-preview:-1"},"canonical":"https:\/\/www.memory-star-kids.com\/de\/kooperation\/","og_locale":"de_DE","og_type":"article","og_title":"Kooperation - Memory Star Kids","og_description":"Bei uns k\u00f6nnen Kinder den Mental-Arithmetik- und Mnemotechnik in Berlin und Potsdam besuchen.","og_url":"https:\/\/www.memory-star-kids.com\/de\/kooperation\/","og_site_name":"Memory Star Kids","article_publisher":"https:\/\/www.facebook.com\/memorystarkidsru\/","article_modified_time":"2024-02-09T13:06:25+00:00","twitter_card":"summary_large_image","twitter_misc":{"Gesch\u00e4tzte Lesezeit":"16\u00a0Minuten"},"schema":{"@context":"https:\/\/schema.org","@graph":[{"@type":"WebPage","@id":"https:\/\/www.memory-star-kids.com\/de\/kooperation\/","url":"https:\/\/www.memory-star-kids.com\/de\/kooperation\/","name":"Kooperation - Memory Star Kids","isPartOf":{"@id":"https:\/\/www.memory-star-kids.com\/de\/#website"},"datePublished":"2023-09-28T21:26:13+00:00","dateModified":"2024-02-09T13:06:25+00:00","description":"Bei uns k\u00f6nnen Kinder den Mental-Arithmetik- und Mnemotechnik in Berlin und Potsdam besuchen.","breadcrumb":{"@id":"https:\/\/www.memory-star-kids.com\/de\/kooperation\/#breadcrumb"},"inLanguage":"de","potentialAction":[{"@type":"ReadAction","target":["https:\/\/www.memory-star-kids.com\/de\/kooperation\/"]}]},{"@type":"BreadcrumbList","@id":"https:\/\/www.memory-star-kids.com\/de\/kooperation\/#breadcrumb","itemListElement":[{"@type":"ListItem","position":1,"name":"Startseite","item":"https:\/\/www.memory-star-kids.com\/de\/"},{"@type":"ListItem","position":2,"name":"Kooperation"}]},{"@type":"WebSite","@id":"https:\/\/www.memory-star-kids.com\/de\/#website","url":"https:\/\/www.memory-star-kids.com\/de\/","name":"Memory Star Kids","description":"","publisher":{"@id":"https:\/\/www.memory-star-kids.com\/de\/#organization"},"potentialAction":[{"@type":"SearchAction","target":{"@type":"EntryPoint","urlTemplate":"https:\/\/www.memory-star-kids.com\/de\/?s={search_term_string}"},"query-input":{"@type":"PropertyValueSpecification","valueRequired":true,"valueName":"search_term_string"}}],"inLanguage":"de"},{"@type":"Organization","@id":"https:\/\/www.memory-star-kids.com\/de\/#organization","name":"MEMORY STAR KIDS","url":"https:\/\/www.memory-star-kids.com\/de\/","logo":{"@type":"ImageObject","inLanguage":"de","@id":"https:\/\/www.memory-star-kids.com\/de\/#\/schema\/logo\/image\/","url":"https:\/\/www.memory-star-kids.com\/wp-content\/uploads\/2020\/06\/msk_WEB-logo-24.png","contentUrl":"https:\/\/www.memory-star-kids.com\/wp-content\/uploads\/2020\/06\/msk_WEB-logo-24.png","width":300,"height":131,"caption":"MEMORY STAR KIDS"},"image":{"@id":"https:\/\/www.memory-star-kids.com\/de\/#\/schema\/logo\/image\/"},"sameAs":["https:\/\/www.facebook.com\/memorystarkidsru\/","https:\/\/www.instagram.com\/memorystarkids\/","https:\/\/www.youtube.com\/channel\/UCrLNWccwr78ERjLA2pbF8JQ"]}]}},"jetpack_sharing_enabled":true,"_links":{"self":[{"href":"https:\/\/www.memory-star-kids.com\/de\/wp-json\/wp\/v2\/pages\/9400","targetHints":{"allow":["GET"]}}],"collection":[{"href":"https:\/\/www.memory-star-kids.com\/de\/wp-json\/wp\/v2\/pages"}],"about":[{"href":"https:\/\/www.memory-star-kids.com\/de\/wp-json\/wp\/v2\/types\/page"}],"author":[{"embeddable":true,"href":"https:\/\/www.memory-star-kids.com\/de\/wp-json\/wp\/v2\/users\/2"}],"replies":[{"embeddable":true,"href":"https:\/\/www.memory-star-kids.com\/de\/wp-json\/wp\/v2\/comments?post=9400"}],"version-history":[{"count":22,"href":"https:\/\/www.memory-star-kids.com\/de\/wp-json\/wp\/v2\/pages\/9400\/revisions"}],"predecessor-version":[{"id":9732,"href":"https:\/\/www.memory-star-kids.com\/de\/wp-json\/wp\/v2\/pages\/9400\/revisions\/9732"}],"wp:attachment":[{"href":"https:\/\/www.memory-star-kids.com\/de\/wp-json\/wp\/v2\/media?parent=9400"}],"curies":[{"name":"wp","href":"https:\/\/api.w.org\/{rel}","templated":true}]}}