{"id":9311,"date":"2023-07-25T21:36:32","date_gmt":"2023-07-25T21:36:32","guid":{"rendered":"https:\/\/www.memory-star-kids.com\/kurse-vor-ort-copy\/"},"modified":"2023-09-28T22:20:36","modified_gmt":"2023-09-28T22:20:36","slug":"kurse-fuer-lehrkraefte","status":"publish","type":"page","link":"https:\/\/www.memory-star-kids.com\/de\/ueber-uns\/kurse-fuer-lehrkraefte\/","title":{"rendered":"Kurse f\u00fcr Lehrkr\u00e4fte"},"content":{"rendered":"<section class=\"l-section wpb_row height_auto width_full\"><div class=\"l-section-h i-cf\"><div class=\"g-cols vc_row via_grid cols_1 laptops-cols_inherit tablets-cols_inherit mobiles-cols_1 valign_middle type_default stacking_default\"><div class=\"wpb_column vc_column_container\"><div class=\"vc_column-inner\"><div class=\"w-image align_none\"><div class=\"w-image-h\"><img decoding=\"async\" width=\"1900\" height=\"400\" src=\"https:\/\/www.memory-star-kids.com\/wp-content\/uploads\/2022\/02\/jobs-1.jpg\" class=\"attachment-full size-full\" alt=\"\" loading=\"lazy\" srcset=\"https:\/\/www.memory-star-kids.com\/wp-content\/uploads\/2022\/02\/jobs-1.jpg 1900w, https:\/\/www.memory-star-kids.com\/wp-content\/uploads\/2022\/02\/jobs-1-300x63.jpg 300w, https:\/\/www.memory-star-kids.com\/wp-content\/uploads\/2022\/02\/jobs-1-1024x216.jpg 1024w, https:\/\/www.memory-star-kids.com\/wp-content\/uploads\/2022\/02\/jobs-1-1320x278.jpg 1320w, https:\/\/www.memory-star-kids.com\/wp-content\/uploads\/2022\/02\/jobs-1-600x126.jpg 600w, https:\/\/www.memory-star-kids.com\/wp-content\/uploads\/2022\/02\/jobs-1-190x40.jpg 190w, https:\/\/www.memory-star-kids.com\/wp-content\/uploads\/2022\/02\/jobs-1-428x90.jpg 428w\" sizes=\"auto, (max-width: 1900px) 100vw, 1900px\" \/><\/div><\/div><\/div><\/div><\/div><\/div><\/section><section class=\"l-section wpb_row height_small\"><div class=\"l-section-h i-cf\"><div class=\"g-cols vc_row via_grid cols_1 laptops-cols_inherit tablets-cols_inherit mobiles-cols_1 valign_top type_default stacking_default\"><div class=\"wpb_column vc_column_container text-msk-animated text-obelix\"><div class=\"vc_column-inner\"><div class=\"wpb_text_column\"><div class=\"wpb_wrapper\"><h1 style=\"text-align: center;\">Kurse f\u00fcr Lehrkr\u00e4fte<\/h1>\n<\/div><\/div><div class=\"w-separator us_custom_053637e0 has_text_color size_custom with_line width_default thick_2 style_dotted color_border align_center with_content\" style=\"height:\"><div class=\"w-separator-h\"><i class=\"fas fa-star\"><\/i><\/div><\/div><\/div><\/div><\/div><\/div><\/section><section class=\"l-section wpb_row us_custom_70facfb4 height_auto\"><div class=\"l-section-h i-cf\"><div class=\"g-cols vc_row via_grid cols_1 laptops-cols_inherit tablets-cols_inherit mobiles-cols_1 valign_top type_default stacking_default\"><div class=\"wpb_column vc_column_container\"><div class=\"vc_column-inner\"><div class=\"wpb_text_column us_custom_95ebd667 has_text_color\"><div class=\"wpb_wrapper\"><p style=\"text-align: center;\">MEMORY STAR KIDS bietet Lehrkr\u00e4ften Schulungen in Mental-Arithmetik, Mnemotechnik, schnellem Lesen<br \/>\nund anderen interessanten\u00a0Bereichen\u00a0an<\/p>\n<\/div><\/div><\/div><\/div><\/div><\/div><\/section><section class=\"l-section wpb_row height_auto\"><div class=\"l-section-h i-cf\"><div class=\"g-cols vc_row via_grid cols_1 laptops-cols_inherit tablets-cols_inherit mobiles-cols_1 valign_top type_default stacking_default\"><div class=\"wpb_column vc_column_container us_custom_cc4c35f6\"><div class=\"vc_column-inner\"><div class=\"g-cols wpb_row via_grid cols_1-2 laptops-cols_inherit tablets-cols_inherit mobiles-cols_1 valign_top type_default stacking_default\" style=\"--columns-gap:3rem;\"><div class=\"wpb_column vc_column_container us_custom_62e46706\"><div class=\"vc_column-inner\"><div class=\"w-image align_none\"><div class=\"w-image-h\"><img decoding=\"async\" width=\"1024\" height=\"1024\" src=\"https:\/\/www.memory-star-kids.com\/wp-content\/uploads\/2023\/07\/MA_Anja_kartina-1024x1024.jpg\" class=\"attachment-large size-large\" alt=\"\" loading=\"lazy\" srcset=\"https:\/\/www.memory-star-kids.com\/wp-content\/uploads\/2023\/07\/MA_Anja_kartina-1024x1024.jpg 1024w, https:\/\/www.memory-star-kids.com\/wp-content\/uploads\/2023\/07\/MA_Anja_kartina-300x300.jpg 300w, https:\/\/www.memory-star-kids.com\/wp-content\/uploads\/2023\/07\/MA_Anja_kartina-150x150.jpg 150w, https:\/\/www.memory-star-kids.com\/wp-content\/uploads\/2023\/07\/MA_Anja_kartina-500x500.jpg 500w, https:\/\/www.memory-star-kids.com\/wp-content\/uploads\/2023\/07\/MA_Anja_kartina.jpg 1080w\" sizes=\"auto, (max-width: 1024px) 100vw, 1024px\" \/><\/div><\/div><\/div><\/div><div class=\"wpb_column vc_column_container\"><div class=\"vc_column-inner\"><div class=\"wpb_text_column us_custom_67399a73 has_text_color\"><div class=\"wpb_wrapper\"><h2 class=\"text-blue\">Entdecken Sie unsere Kurse!<\/h2>\n<\/div><\/div><div class=\"wpb_text_column\"><div class=\"wpb_wrapper\"><p>Wir freuen uns, Ihnen die M\u00f6glichkeit zu bieten, Ihr Wissen durch unsere umfassenden Kurse zu erweitern. Unser Ziel ist es, Ihnen die Werkzeuge und F\u00e4higkeiten zur Verf\u00fcgung zu stellen, die Sie ben\u00f6tigen, um Sch\u00fclerinnen und Sch\u00fcler unterst\u00fctzen und inspirieren zu k\u00f6nnen.<\/p>\n<p>Unsere Kurse werden von erfahrenen Fachleuten und Experten auf ihrem Gebiet geleitet, die nicht nur \u00fcber fundiertes Fachwissen verf\u00fcgen, sondern auch eine Leidenschaft f\u00fcr die Weitergabe ihres Wissens\u00a0besitzen.<\/p>\n<p>Wir k\u00f6nnen Sie sowohl online als auch offline unterrichten. Bei Bedarf stellen wir Ihnen alle ben\u00f6tigten Materialien zur Verf\u00fcgung: einen detaillierten Stundenplan mit ausformulierten Texten, Arbeitshefte, Abakus, \u00dcbungsmaterialien f\u00fcr das mentale Rechnen und eine interaktive Plattform f\u00fcr das Online-Unterrichten\u00a0von\u00a0Kindern.<\/p>\n<\/div><\/div><div class=\"w-btn-wrapper align_left\"><a class=\"w-btn us-btn-style_1 us_custom_2b1a2cb4 icon_atleft\" href=\"https:\/\/www.memory-star-kids.com\/de\/ueber-uns\/kontakt\/\"><i class=\"fas fa-angle-double-right\"><\/i><span class=\"w-btn-label\">Anmelden<\/span><\/a><\/div><\/div><\/div><\/div><\/div><\/div><\/div><\/div><\/section><section class=\"l-section wpb_row height_small\"><div class=\"l-section-h i-cf\"><div class=\"g-cols vc_row via_grid cols_1 laptops-cols_inherit tablets-cols_inherit mobiles-cols_1 valign_top type_default stacking_default\"><div class=\"wpb_column vc_column_container\"><div class=\"vc_column-inner\"><div class=\"g-cols wpb_row via_grid cols_3 laptops-cols_inherit tablets-cols_inherit mobiles-cols_1 valign_top type_default stacking_default\" style=\"--columns-gap:3rem;\"><div class=\"wpb_column vc_column_container\"><div class=\"vc_column-inner\"><div class=\"w-video us_custom_62edb605 align_center ratio_16x9 has_iframe\"><div class=\"w-video-h\"><div class=\"BorlabsCookie _brlbs-cb-youtube\"><div class=\"_brlbs-content-blocker\"> <div class=\"_brlbs-embed _brlbs-video-youtube\"> <img class=\"_brlbs-thumbnail\" src=\"https:\/\/www.memory-star-kids.com\/wp-content\/plugins\/borlabs-cookie\/assets\/images\/cb-no-thumbnail.png\" alt=\"YouTube\"> <div class=\"_brlbs-caption\"> <p>Mit dem Laden des Videos akzeptieren Sie die Datenschutzerkl\u00e4rung von YouTube.<br><a href=\"https:\/\/policies.google.com\/privacy\" target=\"_blank\" rel=\"nofollow noopener noreferrer\">Mehr erfahren<\/a><\/p> <p><a class=\"_brlbs-btn _brlbs-icon-play-white\" href=\"#\" data-borlabs-cookie-unblock role=\"button\">Video laden<\/a><\/p> <p><label><input type=\"checkbox\" name=\"unblockAll\" value=\"1\" checked> <small>YouTube immer entsperren<\/small><\/label><\/p> <\/div> <\/div> <\/div><div class=\"borlabs-hide\" data-borlabs-cookie-type=\"content-blocker\" data-borlabs-cookie-id=\"youtube\"><script type=\"text\/template\">PGlmcmFtZSB0aXRsZT0iWW91dHViZSB2aWRlbyBwbGF5ZXIiIHNyYz0iLy93d3cueW91dHViZS1ub2Nvb2tpZS5jb20vZW1iZWQvMjYtNTZDSGdsbEU\/YXV0b3BsYXk9MCZjb250cm9scz0xJm9yaWdpbj1odHRwczovL3d3dy5tZW1vcnktc3Rhci1raWRzLmNvbS9kZS8mbG9vcD0wJm11dGU9MCIgYWxsb3dmdWxsc2NyZWVuPSIxIiBsb2FkaW5nPSJsYXp5Ij48L2lmcmFtZT4=<\/script><\/div><\/div><\/div><\/div><\/div><\/div><div class=\"wpb_column vc_column_container us_custom_eb849559\"><div class=\"vc_column-inner\"><div class=\"wpb_text_column us_custom_8ea971cc has_text_color\"><div class=\"wpb_wrapper\"><h2 class=\"text-msk-1 text-uppercase mb-3\" style=\"text-align: center;\">Galerie<\/h2>\n<\/div><\/div><div class=\"wpb_text_column\"><div class=\"wpb_wrapper\"><p style=\"text-align: center;\">In unserer Galerie zeigen wir Ihnen Fotos und Videos aus dem Unterricht.<br \/>\nMachen Sie sich ein Bild vom MEMORY STAR KIDS Unterricht den Lern-Effekten von Mental-Arithmetik und Mnemotechnik und anderen Kursen.<\/p>\n<\/div><\/div><div class=\"w-btn-wrapper align_center\"><a class=\"w-btn us-btn-style_1 us_custom_139acd53 icon_atleft\" title=\"Standorte\" href=\"https:\/\/memory-star-kids.com\/de\/kurse-vor-ort\/standorte\/\"><i class=\"fas fa-angle-double-right\"><\/i><span class=\"w-btn-label\">Zur Galerie<\/span><\/a><\/div><\/div><\/div><div class=\"wpb_column vc_column_container\"><div class=\"vc_column-inner\"><div class=\"w-video us_custom_62edb605 align_center ratio_16x9 has_iframe\"><div class=\"w-video-h\"><div class=\"BorlabsCookie _brlbs-cb-youtube\"><div class=\"_brlbs-content-blocker\"> <div class=\"_brlbs-embed _brlbs-video-youtube\"> <img class=\"_brlbs-thumbnail\" src=\"https:\/\/www.memory-star-kids.com\/wp-content\/plugins\/borlabs-cookie\/assets\/images\/cb-no-thumbnail.png\" alt=\"YouTube\"> <div class=\"_brlbs-caption\"> <p>Mit dem Laden des Videos akzeptieren Sie die Datenschutzerkl\u00e4rung von YouTube.<br><a href=\"https:\/\/policies.google.com\/privacy\" target=\"_blank\" rel=\"nofollow noopener noreferrer\">Mehr erfahren<\/a><\/p> <p><a class=\"_brlbs-btn _brlbs-icon-play-white\" href=\"#\" data-borlabs-cookie-unblock role=\"button\">Video laden<\/a><\/p> <p><label><input type=\"checkbox\" name=\"unblockAll\" value=\"1\" checked> <small>YouTube immer entsperren<\/small><\/label><\/p> <\/div> <\/div> <\/div><div class=\"borlabs-hide\" data-borlabs-cookie-type=\"content-blocker\" data-borlabs-cookie-id=\"youtube\"><script type=\"text\/template\">PGlmcmFtZSB0aXRsZT0iWW91dHViZSB2aWRlbyBwbGF5ZXIiIHNyYz0iLy93d3cueW91dHViZS1ub2Nvb2tpZS5jb20vZW1iZWQvZ0JuMThucEJrMlU\/YXV0b3BsYXk9MCZjb250cm9scz0xJm9yaWdpbj1odHRwczovL3d3dy5tZW1vcnktc3Rhci1raWRzLmNvbS9kZS8mbG9vcD0wJm11dGU9MCIgYWxsb3dmdWxsc2NyZWVuPSIxIiBsb2FkaW5nPSJsYXp5Ij48L2lmcmFtZT4=<\/script><\/div><\/div><\/div><\/div><\/div><\/div><\/div><\/div><\/div><\/div><\/div><\/section>\n","protected":false},"excerpt":{"rendered":"Kurse f\u00fcr Lehrkr\u00e4fte MEMORY STAR KIDS bietet Lehrkr\u00e4ften Schulungen in Mental-Arithmetik, Mnemotechnik, schnellem Lesen und anderen interessanten\u00a0Bereichen\u00a0an Entdecken Sie unsere Kurse! Wir freuen uns, Ihnen die M\u00f6glichkeit zu bieten, Ihr Wissen durch unsere umfassenden Kurse zu erweitern. Unser Ziel ist es, Ihnen die Werkzeuge und F\u00e4higkeiten zur Verf\u00fcgung zu stellen, die Sie ben\u00f6tigen, um Sch\u00fclerinnen...","protected":false},"author":2,"featured_media":0,"parent":51,"menu_order":1,"comment_status":"closed","ping_status":"closed","template":"","meta":{"_acf_changed":false,"_monsterinsights_skip_tracking":false,"_monsterinsights_sitenote_active":false,"_monsterinsights_sitenote_note":"","_monsterinsights_sitenote_category":0,"_uf_show_specific_survey":0,"_uf_disable_surveys":false,"footnotes":""},"class_list":["post-9311","page","type-page","status-publish","hentry"],"acf":[],"aioseo_notices":[],"yoast_head":"<!-- This site is optimized with the Yoast SEO plugin v26.4 - https:\/\/yoast.com\/wordpress\/plugins\/seo\/ -->\n<title>Kurse f\u00fcr Lehrkr\u00e4fte - Memory Star Kids<\/title>\n<meta name=\"description\" content=\"Bei uns k\u00f6nnen Kinder den Mental-Arithmetik- und Mnemotechnik in Berlin und Potsdam besuchen.\" \/>\n<meta name=\"robots\" content=\"index, follow, max-snippet:-1, max-image-preview:large, max-video-preview:-1\" \/>\n<link rel=\"canonical\" href=\"https:\/\/www.memory-star-kids.com\/de\/ueber-uns\/kurse-fuer-lehrkraefte\/\" \/>\n<meta property=\"og:locale\" content=\"de_DE\" \/>\n<meta property=\"og:type\" content=\"article\" \/>\n<meta property=\"og:title\" content=\"Kurse f\u00fcr Lehrkr\u00e4fte - Memory Star Kids\" \/>\n<meta property=\"og:description\" content=\"Bei uns k\u00f6nnen Kinder den Mental-Arithmetik- und Mnemotechnik in Berlin und Potsdam besuchen.\" \/>\n<meta property=\"og:url\" content=\"https:\/\/www.memory-star-kids.com\/de\/ueber-uns\/kurse-fuer-lehrkraefte\/\" \/>\n<meta property=\"og:site_name\" content=\"Memory Star Kids\" \/>\n<meta property=\"article:publisher\" content=\"https:\/\/www.facebook.com\/memorystarkidsru\/\" \/>\n<meta property=\"article:modified_time\" content=\"2023-09-28T22:20:36+00:00\" \/>\n<meta name=\"twitter:card\" content=\"summary_large_image\" \/>\n<meta name=\"twitter:label1\" content=\"Gesch\u00e4tzte Lesezeit\" \/>\n\t<meta name=\"twitter:data1\" content=\"17\u00a0Minuten\" \/>\n<script type=\"application\/ld+json\" class=\"yoast-schema-graph\">{\"@context\":\"https:\/\/schema.org\",\"@graph\":[{\"@type\":\"WebPage\",\"@id\":\"https:\/\/www.memory-star-kids.com\/de\/ueber-uns\/kurse-fuer-lehrkraefte\/\",\"url\":\"https:\/\/www.memory-star-kids.com\/de\/ueber-uns\/kurse-fuer-lehrkraefte\/\",\"name\":\"Kurse f\u00fcr Lehrkr\u00e4fte - Memory Star Kids\",\"isPartOf\":{\"@id\":\"https:\/\/www.memory-star-kids.com\/de\/#website\"},\"datePublished\":\"2023-07-25T21:36:32+00:00\",\"dateModified\":\"2023-09-28T22:20:36+00:00\",\"description\":\"Bei uns k\u00f6nnen Kinder den Mental-Arithmetik- und Mnemotechnik in Berlin und Potsdam besuchen.\",\"breadcrumb\":{\"@id\":\"https:\/\/www.memory-star-kids.com\/de\/ueber-uns\/kurse-fuer-lehrkraefte\/#breadcrumb\"},\"inLanguage\":\"de\",\"potentialAction\":[{\"@type\":\"ReadAction\",\"target\":[\"https:\/\/www.memory-star-kids.com\/de\/ueber-uns\/kurse-fuer-lehrkraefte\/\"]}]},{\"@type\":\"BreadcrumbList\",\"@id\":\"https:\/\/www.memory-star-kids.com\/de\/ueber-uns\/kurse-fuer-lehrkraefte\/#breadcrumb\",\"itemListElement\":[{\"@type\":\"ListItem\",\"position\":1,\"name\":\"Startseite\",\"item\":\"https:\/\/www.memory-star-kids.com\/de\/\"},{\"@type\":\"ListItem\",\"position\":2,\"name\":\"\u00dcber uns\",\"item\":\"https:\/\/www.memory-star-kids.com\/de\/ueber-uns\/\"},{\"@type\":\"ListItem\",\"position\":3,\"name\":\"Kurse f\u00fcr Lehrkr\u00e4fte\"}]},{\"@type\":\"WebSite\",\"@id\":\"https:\/\/www.memory-star-kids.com\/de\/#website\",\"url\":\"https:\/\/www.memory-star-kids.com\/de\/\",\"name\":\"Memory Star Kids\",\"description\":\"\",\"publisher\":{\"@id\":\"https:\/\/www.memory-star-kids.com\/de\/#organization\"},\"potentialAction\":[{\"@type\":\"SearchAction\",\"target\":{\"@type\":\"EntryPoint\",\"urlTemplate\":\"https:\/\/www.memory-star-kids.com\/de\/?s={search_term_string}\"},\"query-input\":{\"@type\":\"PropertyValueSpecification\",\"valueRequired\":true,\"valueName\":\"search_term_string\"}}],\"inLanguage\":\"de\"},{\"@type\":\"Organization\",\"@id\":\"https:\/\/www.memory-star-kids.com\/de\/#organization\",\"name\":\"MEMORY STAR KIDS\",\"url\":\"https:\/\/www.memory-star-kids.com\/de\/\",\"logo\":{\"@type\":\"ImageObject\",\"inLanguage\":\"de\",\"@id\":\"https:\/\/www.memory-star-kids.com\/de\/#\/schema\/logo\/image\/\",\"url\":\"https:\/\/www.memory-star-kids.com\/wp-content\/uploads\/2020\/06\/msk_WEB-logo-24.png\",\"contentUrl\":\"https:\/\/www.memory-star-kids.com\/wp-content\/uploads\/2020\/06\/msk_WEB-logo-24.png\",\"width\":300,\"height\":131,\"caption\":\"MEMORY STAR KIDS\"},\"image\":{\"@id\":\"https:\/\/www.memory-star-kids.com\/de\/#\/schema\/logo\/image\/\"},\"sameAs\":[\"https:\/\/www.facebook.com\/memorystarkidsru\/\",\"https:\/\/www.instagram.com\/memorystarkids\/\",\"https:\/\/www.youtube.com\/channel\/UCrLNWccwr78ERjLA2pbF8JQ\"]}]}<\/script>\n<!-- \/ Yoast SEO plugin. -->","yoast_head_json":{"title":"Kurse f\u00fcr Lehrkr\u00e4fte - Memory Star Kids","description":"Bei uns k\u00f6nnen Kinder den Mental-Arithmetik- und Mnemotechnik in Berlin und Potsdam besuchen.","robots":{"index":"index","follow":"follow","max-snippet":"max-snippet:-1","max-image-preview":"max-image-preview:large","max-video-preview":"max-video-preview:-1"},"canonical":"https:\/\/www.memory-star-kids.com\/de\/ueber-uns\/kurse-fuer-lehrkraefte\/","og_locale":"de_DE","og_type":"article","og_title":"Kurse f\u00fcr Lehrkr\u00e4fte - Memory Star Kids","og_description":"Bei uns k\u00f6nnen Kinder den Mental-Arithmetik- und Mnemotechnik in Berlin und Potsdam besuchen.","og_url":"https:\/\/www.memory-star-kids.com\/de\/ueber-uns\/kurse-fuer-lehrkraefte\/","og_site_name":"Memory Star Kids","article_publisher":"https:\/\/www.facebook.com\/memorystarkidsru\/","article_modified_time":"2023-09-28T22:20:36+00:00","twitter_card":"summary_large_image","twitter_misc":{"Gesch\u00e4tzte Lesezeit":"17\u00a0Minuten"},"schema":{"@context":"https:\/\/schema.org","@graph":[{"@type":"WebPage","@id":"https:\/\/www.memory-star-kids.com\/de\/ueber-uns\/kurse-fuer-lehrkraefte\/","url":"https:\/\/www.memory-star-kids.com\/de\/ueber-uns\/kurse-fuer-lehrkraefte\/","name":"Kurse f\u00fcr Lehrkr\u00e4fte - Memory Star Kids","isPartOf":{"@id":"https:\/\/www.memory-star-kids.com\/de\/#website"},"datePublished":"2023-07-25T21:36:32+00:00","dateModified":"2023-09-28T22:20:36+00:00","description":"Bei uns k\u00f6nnen Kinder den Mental-Arithmetik- und Mnemotechnik in Berlin und Potsdam besuchen.","breadcrumb":{"@id":"https:\/\/www.memory-star-kids.com\/de\/ueber-uns\/kurse-fuer-lehrkraefte\/#breadcrumb"},"inLanguage":"de","potentialAction":[{"@type":"ReadAction","target":["https:\/\/www.memory-star-kids.com\/de\/ueber-uns\/kurse-fuer-lehrkraefte\/"]}]},{"@type":"BreadcrumbList","@id":"https:\/\/www.memory-star-kids.com\/de\/ueber-uns\/kurse-fuer-lehrkraefte\/#breadcrumb","itemListElement":[{"@type":"ListItem","position":1,"name":"Startseite","item":"https:\/\/www.memory-star-kids.com\/de\/"},{"@type":"ListItem","position":2,"name":"\u00dcber uns","item":"https:\/\/www.memory-star-kids.com\/de\/ueber-uns\/"},{"@type":"ListItem","position":3,"name":"Kurse f\u00fcr Lehrkr\u00e4fte"}]},{"@type":"WebSite","@id":"https:\/\/www.memory-star-kids.com\/de\/#website","url":"https:\/\/www.memory-star-kids.com\/de\/","name":"Memory Star Kids","description":"","publisher":{"@id":"https:\/\/www.memory-star-kids.com\/de\/#organization"},"potentialAction":[{"@type":"SearchAction","target":{"@type":"EntryPoint","urlTemplate":"https:\/\/www.memory-star-kids.com\/de\/?s={search_term_string}"},"query-input":{"@type":"PropertyValueSpecification","valueRequired":true,"valueName":"search_term_string"}}],"inLanguage":"de"},{"@type":"Organization","@id":"https:\/\/www.memory-star-kids.com\/de\/#organization","name":"MEMORY STAR KIDS","url":"https:\/\/www.memory-star-kids.com\/de\/","logo":{"@type":"ImageObject","inLanguage":"de","@id":"https:\/\/www.memory-star-kids.com\/de\/#\/schema\/logo\/image\/","url":"https:\/\/www.memory-star-kids.com\/wp-content\/uploads\/2020\/06\/msk_WEB-logo-24.png","contentUrl":"https:\/\/www.memory-star-kids.com\/wp-content\/uploads\/2020\/06\/msk_WEB-logo-24.png","width":300,"height":131,"caption":"MEMORY STAR KIDS"},"image":{"@id":"https:\/\/www.memory-star-kids.com\/de\/#\/schema\/logo\/image\/"},"sameAs":["https:\/\/www.facebook.com\/memorystarkidsru\/","https:\/\/www.instagram.com\/memorystarkids\/","https:\/\/www.youtube.com\/channel\/UCrLNWccwr78ERjLA2pbF8JQ"]}]}},"jetpack_sharing_enabled":true,"_links":{"self":[{"href":"https:\/\/www.memory-star-kids.com\/de\/wp-json\/wp\/v2\/pages\/9311","targetHints":{"allow":["GET"]}}],"collection":[{"href":"https:\/\/www.memory-star-kids.com\/de\/wp-json\/wp\/v2\/pages"}],"about":[{"href":"https:\/\/www.memory-star-kids.com\/de\/wp-json\/wp\/v2\/types\/page"}],"author":[{"embeddable":true,"href":"https:\/\/www.memory-star-kids.com\/de\/wp-json\/wp\/v2\/users\/2"}],"replies":[{"embeddable":true,"href":"https:\/\/www.memory-star-kids.com\/de\/wp-json\/wp\/v2\/comments?post=9311"}],"version-history":[{"count":12,"href":"https:\/\/www.memory-star-kids.com\/de\/wp-json\/wp\/v2\/pages\/9311\/revisions"}],"predecessor-version":[{"id":9417,"href":"https:\/\/www.memory-star-kids.com\/de\/wp-json\/wp\/v2\/pages\/9311\/revisions\/9417"}],"up":[{"embeddable":true,"href":"https:\/\/www.memory-star-kids.com\/de\/wp-json\/wp\/v2\/pages\/51"}],"wp:attachment":[{"href":"https:\/\/www.memory-star-kids.com\/de\/wp-json\/wp\/v2\/media?parent=9311"}],"curies":[{"name":"wp","href":"https:\/\/api.w.org\/{rel}","templated":true}]}}