{"id":1904,"date":"2020-07-04T19:40:58","date_gmt":"2020-07-04T19:40:58","guid":{"rendered":"https:\/\/msk-wp.memory-star-kids.com\/kurse-vor-ort\/uebersicht-2-copy\/"},"modified":"2023-07-25T12:02:45","modified_gmt":"2023-07-25T12:02:45","slug":"standorte","status":"publish","type":"page","link":"https:\/\/www.memory-star-kids.com\/de\/kurse-vor-ort\/standorte\/","title":{"rendered":"Standorte"},"content":{"rendered":"<section class=\"l-section wpb_row height_auto width_full\"><div class=\"l-section-h i-cf\"><div class=\"g-cols vc_row via_grid cols_1 laptops-cols_inherit tablets-cols_inherit mobiles-cols_1 valign_top type_default stacking_default\"><div class=\"wpb_column vc_column_container\"><div class=\"vc_column-inner\"><div class=\"w-image align_none\"><div class=\"w-image-h\"><img decoding=\"async\" width=\"1900\" height=\"400\" src=\"https:\/\/www.memory-star-kids.com\/wp-content\/uploads\/2020\/07\/filialen.jpg\" class=\"attachment-full size-full\" alt=\"\" loading=\"lazy\" srcset=\"https:\/\/www.memory-star-kids.com\/wp-content\/uploads\/2020\/07\/filialen.jpg 1900w, https:\/\/www.memory-star-kids.com\/wp-content\/uploads\/2020\/07\/filialen-300x63.jpg 300w, https:\/\/www.memory-star-kids.com\/wp-content\/uploads\/2020\/07\/filialen-1024x216.jpg 1024w, https:\/\/www.memory-star-kids.com\/wp-content\/uploads\/2020\/07\/filialen-600x126.jpg 600w\" sizes=\"auto, (max-width: 1900px) 100vw, 1900px\" \/><\/div><\/div><\/div><\/div><\/div><\/div><\/section><section class=\"l-section wpb_row height_small\"><div class=\"l-section-h i-cf\"><div class=\"g-cols vc_row via_grid cols_1 laptops-cols_inherit tablets-cols_inherit mobiles-cols_1 valign_top type_default stacking_default\"><div class=\"wpb_column vc_column_container text-msk-animated text-obelix\"><div class=\"vc_column-inner\"><div class=\"wpb_text_column\"><div class=\"wpb_wrapper\"><h1 style=\"text-align: center;\">Standorte<\/h1>\n<\/div><\/div><div class=\"w-separator us_custom_053637e0 has_text_color size_custom with_line width_default thick_2 style_dotted color_border align_center with_content\" style=\"height:\"><div class=\"w-separator-h\"><i class=\"fas fa-star\"><\/i><\/div><\/div><\/div><\/div><\/div><\/div><\/section><section class=\"l-section wpb_row height_auto\"><div class=\"l-section-h i-cf\"><div class=\"g-cols vc_row via_grid cols_1 laptops-cols_inherit tablets-cols_inherit mobiles-cols_1 valign_top type_default stacking_default\"><div class=\"wpb_column vc_column_container\"><div class=\"vc_column-inner\"><div class=\"wpb_text_column us_custom_95ebd667 has_text_color\"><div class=\"wpb_wrapper\"><h2 class=\"text-msk-4 mt-3\" style=\"text-align: center;\">Wir unterrichten in Berlin und online<\/h2>\n<\/div><\/div><\/div><\/div><\/div><\/div><\/section><section class=\"l-section wpb_row height_small\"><div class=\"l-section-h i-cf\"><div class=\"g-cols vc_row via_grid cols_3 laptops-cols_inherit tablets-cols_inherit mobiles-cols_1 valign_top type_default stacking_default\"><div class=\"wpb_column vc_column_container us_custom_3435e822\"><div class=\"vc_column-inner\"><div class=\"g-cols wpb_row via_grid cols_1 laptops-cols_inherit tablets-cols_inherit mobiles-cols_1 valign_top type_default stacking_default\" style=\"--columns-gap:3rem;\"><div class=\"wpb_column vc_column_container us_custom_62e46706\"><div class=\"vc_column-inner\"><div class=\"w-message us_custom_8ec6b4d7 has_text_color color_blue\"><div class=\"w-message-body\"><p>Berlin<\/p>\n<\/div><\/div><div class=\"wpb_text_column us_custom_e1ac95b1 has_text_color\"><div class=\"wpb_wrapper\"><h4 style=\"text-align: center;\">Mitte<\/h4>\n<\/div><\/div><div class=\"wpb_text_column\"><div class=\"wpb_wrapper\"><p style=\"text-align: center;\">Russisches Haus<br \/>\nFriedrichstra\u00dfe 176-179<br \/>\n10117 Berlin<\/p>\n<\/div><\/div><div class=\"w-image us_custom_8d5aa4e2 align_center\"><div class=\"w-image-h\"><img decoding=\"async\" width=\"500\" height=\"350\" src=\"https:\/\/www.memory-star-kids.com\/wp-content\/uploads\/2021\/11\/Kinderkursen_Berlin-Mitte.jpg\" class=\"attachment-large size-large\" alt=\"\" loading=\"lazy\" srcset=\"https:\/\/www.memory-star-kids.com\/wp-content\/uploads\/2021\/11\/Kinderkursen_Berlin-Mitte.jpg 500w, https:\/\/www.memory-star-kids.com\/wp-content\/uploads\/2021\/11\/Kinderkursen_Berlin-Mitte-300x210.jpg 300w, https:\/\/www.memory-star-kids.com\/wp-content\/uploads\/2021\/11\/Kinderkursen_Berlin-Mitte-86x60.jpg 86w, https:\/\/www.memory-star-kids.com\/wp-content\/uploads\/2021\/11\/Kinderkursen_Berlin-Mitte-129x90.jpg 129w\" sizes=\"auto, (max-width: 500px) 100vw, 500px\" \/><\/div><\/div><div class=\"w-btn-wrapper align_justify\"><a class=\"w-btn us-btn-style_1 us_custom_e8593e36 icon_atleft\" title=\"Berlin Russisches Haus\" target=\" _blank\" rel=\"nofollow\" href=\"https:\/\/goo.gl\/maps\/FwrotYEzffGEoP1w7\"><i class=\"fas fa-angle-double-right\"><\/i><span class=\"w-btn-label\">In Google Map anschauen<\/span><\/a><\/div><\/div><\/div><\/div><\/div><\/div><div class=\"wpb_column vc_column_container us_custom_8a3c94d2\"><div class=\"vc_column-inner\"><div class=\"g-cols wpb_row via_grid cols_1 laptops-cols_inherit tablets-cols_inherit mobiles-cols_1 valign_top type_default stacking_default\" style=\"--columns-gap:3rem;\"><div class=\"wpb_column vc_column_container us_custom_62e46706\"><div class=\"vc_column-inner\"><div class=\"w-message us_custom_91829da2 has_text_color color_blue\"><div class=\"w-message-body\"><p>Berlin<\/p>\n<\/div><\/div><div class=\"wpb_text_column us_custom_6745946f has_text_color\"><div class=\"wpb_wrapper\"><h4 style=\"text-align: center;\">Lichterfelde Ost<\/h4>\n<\/div><\/div><div class=\"wpb_text_column\"><div class=\"wpb_wrapper\"><p style=\"text-align: center;\">Villa Folke Bernadotte<br \/>\nJungfernstieg 19<br \/>\n12207 Berlin<\/p>\n<\/div><\/div><div class=\"w-image us_custom_8d5aa4e2 align_center\"><div class=\"w-image-h\"><img decoding=\"async\" width=\"500\" height=\"350\" src=\"https:\/\/www.memory-star-kids.com\/wp-content\/uploads\/2020\/06\/Kinder-Lichterfelde-Ost-Karte-3.jpg\" class=\"attachment-large size-large\" alt=\"\" loading=\"lazy\" srcset=\"https:\/\/www.memory-star-kids.com\/wp-content\/uploads\/2020\/06\/Kinder-Lichterfelde-Ost-Karte-3.jpg 500w, https:\/\/www.memory-star-kids.com\/wp-content\/uploads\/2020\/06\/Kinder-Lichterfelde-Ost-Karte-3-300x210.jpg 300w\" sizes=\"auto, (max-width: 500px) 100vw, 500px\" \/><\/div><\/div><div class=\"w-btn-wrapper align_justify\"><a class=\"w-btn us-btn-style_1 us_custom_9ccc05f2 icon_atleft\" title=\"Berlin Russisches Haus\" target=\"_blank\" rel=\"nofollow\" href=\"https:\/\/goo.gl\/maps\/L15FcJMDa8Z3W4keA\"><i class=\"fas fa-angle-double-right\"><\/i><span class=\"w-btn-label\">In Google Map anschauen<\/span><\/a><\/div><\/div><\/div><\/div><\/div><\/div><div class=\"wpb_column vc_column_container us_custom_821bccf0\"><div class=\"vc_column-overlay\" style=\"background:var(--color-header-transparent-bg)\"><\/div><div class=\"vc_column-inner\"><div class=\"g-cols wpb_row via_grid cols_1 laptops-cols_inherit tablets-cols_inherit mobiles-cols_1 valign_top type_default stacking_default\" style=\"--columns-gap:3rem;\"><div class=\"wpb_column vc_column_container us_custom_62e46706\"><div class=\"vc_column-inner\"><div class=\"w-message us_custom_f4070d87 has_text_color color_blue\"><div class=\"w-message-body\"><p>Berlin<\/p>\n<\/div><\/div><div class=\"wpb_text_column us_custom_cfada43f has_text_color\"><div class=\"wpb_wrapper\"><h4 style=\"text-align: center;\">Lankwitz<\/h4>\n<\/div><\/div><div class=\"wpb_text_column\"><div class=\"wpb_wrapper\"><p style=\"text-align: center;\">Katholischen Kirchengemeinde<br \/>\nCorneliusstra\u00dfe 31<br \/>\n12247 Berlin<\/p>\n<\/div><\/div><div class=\"w-image us_custom_8d5aa4e2 align_center\"><div class=\"w-image-h\"><img decoding=\"async\" width=\"500\" height=\"350\" src=\"https:\/\/www.memory-star-kids.com\/wp-content\/uploads\/2020\/07\/Kinderkursen_Berlin-Lankwitz-1.jpg\" class=\"attachment-large size-large\" alt=\"\" loading=\"lazy\" srcset=\"https:\/\/www.memory-star-kids.com\/wp-content\/uploads\/2020\/07\/Kinderkursen_Berlin-Lankwitz-1.jpg 500w, https:\/\/www.memory-star-kids.com\/wp-content\/uploads\/2020\/07\/Kinderkursen_Berlin-Lankwitz-1-300x210.jpg 300w\" sizes=\"auto, (max-width: 500px) 100vw, 500px\" \/><\/div><\/div><div class=\"w-btn-wrapper align_justify\"><a class=\"w-btn us-btn-style_1 us_custom_abf3ca82 icon_atleft\" title=\"Berlin Lankwitz\" target=\" _blank\" rel=\"nofollow\" href=\"https:\/\/goo.gl\/maps\/RXpTACqwiBWbQcYn8\"><i class=\"fas fa-angle-double-right\"><\/i><span class=\"w-btn-label\">In Google Map anschauen<\/span><\/a><\/div><\/div><\/div><\/div><\/div><\/div><\/div><\/div><\/section><section class=\"l-section wpb_row us_custom_8601f72e height_small\"><div class=\"l-section-h i-cf\"><div class=\"g-cols vc_row via_grid cols_1 laptops-cols_inherit tablets-cols_inherit mobiles-cols_1 valign_top type_default stacking_default\"><div class=\"wpb_column vc_column_container\"><div class=\"vc_column-inner\"><div class=\"w-text us_custom_eb849559 no_text icon_atleft\"><span class=\"w-text-h\"><i class=\"fas fa-pencil-alt\"><\/i><span class=\"w-text-value\"><\/span><\/span><\/div><div class=\"wpb_text_column us_custom_026ba16f has_text_color\"><div class=\"wpb_wrapper\"><h2 class=\"text-msk-1 text-uppercase mb-3\" style=\"text-align: center;\">Anmelden<\/h2>\n<\/div><\/div><div class=\"wpb_text_column\"><div class=\"wpb_wrapper\"><p style=\"text-align: center;\">W\u00e4hlen Sie passende Filiale f\u00fcr Ihr Kind und melden Sie das Kind an!<\/p>\n<\/div><\/div><div class=\"w-btn-wrapper align_center\"><a class=\"w-btn us-btn-style_1 us_custom_c097cd2b pad icon_atleft\" title=\"Anmelden\" href=\"https:\/\/memory-star-kids.com\/de\/kurse-vor-ort\/anmelden\/\"><i class=\"fas fa-angle-double-right\"><\/i><span class=\"w-btn-label\">Anmelden<\/span><\/a><\/div><\/div><\/div><\/div><\/div><\/section>\n","protected":false},"excerpt":{"rendered":"Standorte Wir unterrichten in Berlin und online Berlin Mitte Russisches Haus Friedrichstra\u00dfe 176-179 10117 Berlin In Google Map anschauenBerlin Lichterfelde Ost Villa Folke Bernadotte Jungfernstieg 19 12207 Berlin In Google Map anschauenBerlin Lankwitz Katholischen Kirchengemeinde Corneliusstra\u00dfe 31 12247 Berlin In Google Map anschauenAnmelden W\u00e4hlen Sie passende Filiale f\u00fcr Ihr Kind und melden Sie das Kind...","protected":false},"author":1,"featured_media":0,"parent":110,"menu_order":0,"comment_status":"closed","ping_status":"closed","template":"","meta":{"_acf_changed":false,"_monsterinsights_skip_tracking":false,"_monsterinsights_sitenote_active":false,"_monsterinsights_sitenote_note":"","_monsterinsights_sitenote_category":0,"_uf_show_specific_survey":0,"_uf_disable_surveys":false,"footnotes":""},"class_list":["post-1904","page","type-page","status-publish","hentry"],"acf":[],"aioseo_notices":[],"yoast_head":"<!-- This site is optimized with the Yoast SEO plugin v26.4 - https:\/\/yoast.com\/wordpress\/plugins\/seo\/ -->\n<title>Standorte - Memory Star Kids<\/title>\n<meta name=\"description\" content=\"Sie finden uns in Berlin Mitte, Berlin Lichterfelde-Ost und Potsdam.\" \/>\n<meta name=\"robots\" content=\"index, follow, max-snippet:-1, max-image-preview:large, max-video-preview:-1\" \/>\n<link rel=\"canonical\" href=\"https:\/\/www.memory-star-kids.com\/de\/kurse-vor-ort\/standorte\/\" \/>\n<meta property=\"og:locale\" content=\"de_DE\" \/>\n<meta property=\"og:type\" content=\"article\" \/>\n<meta property=\"og:title\" content=\"Standorte - Memory Star Kids\" \/>\n<meta property=\"og:description\" content=\"Sie finden uns in Berlin Mitte, Berlin Lichterfelde-Ost und Potsdam.\" \/>\n<meta property=\"og:url\" content=\"https:\/\/www.memory-star-kids.com\/de\/kurse-vor-ort\/standorte\/\" \/>\n<meta property=\"og:site_name\" content=\"Memory Star Kids\" \/>\n<meta property=\"article:publisher\" content=\"https:\/\/www.facebook.com\/memorystarkidsru\/\" \/>\n<meta property=\"article:modified_time\" content=\"2023-07-25T12:02:45+00:00\" \/>\n<meta name=\"twitter:card\" content=\"summary_large_image\" \/>\n<meta name=\"twitter:label1\" content=\"Gesch\u00e4tzte Lesezeit\" \/>\n\t<meta name=\"twitter:data1\" content=\"1\u00a0Minute\" \/>\n<script type=\"application\/ld+json\" class=\"yoast-schema-graph\">{\"@context\":\"https:\/\/schema.org\",\"@graph\":[{\"@type\":\"WebPage\",\"@id\":\"https:\/\/www.memory-star-kids.com\/de\/kurse-vor-ort\/standorte\/\",\"url\":\"https:\/\/www.memory-star-kids.com\/de\/kurse-vor-ort\/standorte\/\",\"name\":\"Standorte - Memory Star Kids\",\"isPartOf\":{\"@id\":\"https:\/\/www.memory-star-kids.com\/de\/#website\"},\"datePublished\":\"2020-07-04T19:40:58+00:00\",\"dateModified\":\"2023-07-25T12:02:45+00:00\",\"description\":\"Sie finden uns in Berlin Mitte, Berlin Lichterfelde-Ost und Potsdam.\",\"breadcrumb\":{\"@id\":\"https:\/\/www.memory-star-kids.com\/de\/kurse-vor-ort\/standorte\/#breadcrumb\"},\"inLanguage\":\"de\",\"potentialAction\":[{\"@type\":\"ReadAction\",\"target\":[\"https:\/\/www.memory-star-kids.com\/de\/kurse-vor-ort\/standorte\/\"]}]},{\"@type\":\"BreadcrumbList\",\"@id\":\"https:\/\/www.memory-star-kids.com\/de\/kurse-vor-ort\/standorte\/#breadcrumb\",\"itemListElement\":[{\"@type\":\"ListItem\",\"position\":1,\"name\":\"Startseite\",\"item\":\"https:\/\/www.memory-star-kids.com\/de\/\"},{\"@type\":\"ListItem\",\"position\":2,\"name\":\"Kurse vor Ort &#8211; \u00dcbersicht\",\"item\":\"https:\/\/www.memory-star-kids.com\/de\/kurse-vor-ort\/\"},{\"@type\":\"ListItem\",\"position\":3,\"name\":\"Standorte\"}]},{\"@type\":\"WebSite\",\"@id\":\"https:\/\/www.memory-star-kids.com\/de\/#website\",\"url\":\"https:\/\/www.memory-star-kids.com\/de\/\",\"name\":\"Memory Star Kids\",\"description\":\"\",\"publisher\":{\"@id\":\"https:\/\/www.memory-star-kids.com\/de\/#organization\"},\"potentialAction\":[{\"@type\":\"SearchAction\",\"target\":{\"@type\":\"EntryPoint\",\"urlTemplate\":\"https:\/\/www.memory-star-kids.com\/de\/?s={search_term_string}\"},\"query-input\":{\"@type\":\"PropertyValueSpecification\",\"valueRequired\":true,\"valueName\":\"search_term_string\"}}],\"inLanguage\":\"de\"},{\"@type\":\"Organization\",\"@id\":\"https:\/\/www.memory-star-kids.com\/de\/#organization\",\"name\":\"MEMORY STAR KIDS\",\"url\":\"https:\/\/www.memory-star-kids.com\/de\/\",\"logo\":{\"@type\":\"ImageObject\",\"inLanguage\":\"de\",\"@id\":\"https:\/\/www.memory-star-kids.com\/de\/#\/schema\/logo\/image\/\",\"url\":\"https:\/\/www.memory-star-kids.com\/wp-content\/uploads\/2020\/06\/msk_WEB-logo-24.png\",\"contentUrl\":\"https:\/\/www.memory-star-kids.com\/wp-content\/uploads\/2020\/06\/msk_WEB-logo-24.png\",\"width\":300,\"height\":131,\"caption\":\"MEMORY STAR KIDS\"},\"image\":{\"@id\":\"https:\/\/www.memory-star-kids.com\/de\/#\/schema\/logo\/image\/\"},\"sameAs\":[\"https:\/\/www.facebook.com\/memorystarkidsru\/\",\"https:\/\/www.instagram.com\/memorystarkids\/\",\"https:\/\/www.youtube.com\/channel\/UCrLNWccwr78ERjLA2pbF8JQ\"]}]}<\/script>\n<!-- \/ Yoast SEO plugin. -->","yoast_head_json":{"title":"Standorte - Memory Star Kids","description":"Sie finden uns in Berlin Mitte, Berlin Lichterfelde-Ost und Potsdam.","robots":{"index":"index","follow":"follow","max-snippet":"max-snippet:-1","max-image-preview":"max-image-preview:large","max-video-preview":"max-video-preview:-1"},"canonical":"https:\/\/www.memory-star-kids.com\/de\/kurse-vor-ort\/standorte\/","og_locale":"de_DE","og_type":"article","og_title":"Standorte - Memory Star Kids","og_description":"Sie finden uns in Berlin Mitte, Berlin Lichterfelde-Ost und Potsdam.","og_url":"https:\/\/www.memory-star-kids.com\/de\/kurse-vor-ort\/standorte\/","og_site_name":"Memory Star Kids","article_publisher":"https:\/\/www.facebook.com\/memorystarkidsru\/","article_modified_time":"2023-07-25T12:02:45+00:00","twitter_card":"summary_large_image","twitter_misc":{"Gesch\u00e4tzte Lesezeit":"1\u00a0Minute"},"schema":{"@context":"https:\/\/schema.org","@graph":[{"@type":"WebPage","@id":"https:\/\/www.memory-star-kids.com\/de\/kurse-vor-ort\/standorte\/","url":"https:\/\/www.memory-star-kids.com\/de\/kurse-vor-ort\/standorte\/","name":"Standorte - Memory Star Kids","isPartOf":{"@id":"https:\/\/www.memory-star-kids.com\/de\/#website"},"datePublished":"2020-07-04T19:40:58+00:00","dateModified":"2023-07-25T12:02:45+00:00","description":"Sie finden uns in Berlin Mitte, Berlin Lichterfelde-Ost und Potsdam.","breadcrumb":{"@id":"https:\/\/www.memory-star-kids.com\/de\/kurse-vor-ort\/standorte\/#breadcrumb"},"inLanguage":"de","potentialAction":[{"@type":"ReadAction","target":["https:\/\/www.memory-star-kids.com\/de\/kurse-vor-ort\/standorte\/"]}]},{"@type":"BreadcrumbList","@id":"https:\/\/www.memory-star-kids.com\/de\/kurse-vor-ort\/standorte\/#breadcrumb","itemListElement":[{"@type":"ListItem","position":1,"name":"Startseite","item":"https:\/\/www.memory-star-kids.com\/de\/"},{"@type":"ListItem","position":2,"name":"Kurse vor Ort &#8211; \u00dcbersicht","item":"https:\/\/www.memory-star-kids.com\/de\/kurse-vor-ort\/"},{"@type":"ListItem","position":3,"name":"Standorte"}]},{"@type":"WebSite","@id":"https:\/\/www.memory-star-kids.com\/de\/#website","url":"https:\/\/www.memory-star-kids.com\/de\/","name":"Memory Star Kids","description":"","publisher":{"@id":"https:\/\/www.memory-star-kids.com\/de\/#organization"},"potentialAction":[{"@type":"SearchAction","target":{"@type":"EntryPoint","urlTemplate":"https:\/\/www.memory-star-kids.com\/de\/?s={search_term_string}"},"query-input":{"@type":"PropertyValueSpecification","valueRequired":true,"valueName":"search_term_string"}}],"inLanguage":"de"},{"@type":"Organization","@id":"https:\/\/www.memory-star-kids.com\/de\/#organization","name":"MEMORY STAR KIDS","url":"https:\/\/www.memory-star-kids.com\/de\/","logo":{"@type":"ImageObject","inLanguage":"de","@id":"https:\/\/www.memory-star-kids.com\/de\/#\/schema\/logo\/image\/","url":"https:\/\/www.memory-star-kids.com\/wp-content\/uploads\/2020\/06\/msk_WEB-logo-24.png","contentUrl":"https:\/\/www.memory-star-kids.com\/wp-content\/uploads\/2020\/06\/msk_WEB-logo-24.png","width":300,"height":131,"caption":"MEMORY STAR KIDS"},"image":{"@id":"https:\/\/www.memory-star-kids.com\/de\/#\/schema\/logo\/image\/"},"sameAs":["https:\/\/www.facebook.com\/memorystarkidsru\/","https:\/\/www.instagram.com\/memorystarkids\/","https:\/\/www.youtube.com\/channel\/UCrLNWccwr78ERjLA2pbF8JQ"]}]}},"jetpack_sharing_enabled":true,"_links":{"self":[{"href":"https:\/\/www.memory-star-kids.com\/de\/wp-json\/wp\/v2\/pages\/1904","targetHints":{"allow":["GET"]}}],"collection":[{"href":"https:\/\/www.memory-star-kids.com\/de\/wp-json\/wp\/v2\/pages"}],"about":[{"href":"https:\/\/www.memory-star-kids.com\/de\/wp-json\/wp\/v2\/types\/page"}],"author":[{"embeddable":true,"href":"https:\/\/www.memory-star-kids.com\/de\/wp-json\/wp\/v2\/users\/1"}],"replies":[{"embeddable":true,"href":"https:\/\/www.memory-star-kids.com\/de\/wp-json\/wp\/v2\/comments?post=1904"}],"version-history":[{"count":30,"href":"https:\/\/www.memory-star-kids.com\/de\/wp-json\/wp\/v2\/pages\/1904\/revisions"}],"predecessor-version":[{"id":9229,"href":"https:\/\/www.memory-star-kids.com\/de\/wp-json\/wp\/v2\/pages\/1904\/revisions\/9229"}],"up":[{"embeddable":true,"href":"https:\/\/www.memory-star-kids.com\/de\/wp-json\/wp\/v2\/pages\/110"}],"wp:attachment":[{"href":"https:\/\/www.memory-star-kids.com\/de\/wp-json\/wp\/v2\/media?parent=1904"}],"curies":[{"name":"wp","href":"https:\/\/api.w.org\/{rel}","templated":true}]}}