{"id":11607,"date":"2026-02-12T22:47:00","date_gmt":"2026-02-12T22:47:00","guid":{"rendered":"https:\/\/www.memory-star-kids.com\/?page_id=11607"},"modified":"2026-02-13T10:04:17","modified_gmt":"2026-02-13T10:04:17","slug":"zahlung-erfolgreich","status":"publish","type":"page","link":"https:\/\/www.memory-star-kids.com\/de\/online-kurse\/zahlung-erfolgreich\/","title":{"rendered":"Zahlung erfolgreich"},"content":{"rendered":"<section class=\"l-section wpb_row height_auto width_full\"><div class=\"l-section-h i-cf\"><div class=\"g-cols vc_row via_grid cols_1 laptops-cols_inherit tablets-cols_inherit mobiles-cols_1 valign_top type_default stacking_default\"><div class=\"wpb_column vc_column_container\"><div class=\"vc_column-inner\">\n\t\t\t<!-- START Anmelden REVOLUTION SLIDER 6.7.38 --><p class=\"rs-p-wp-fix\"><\/p>\n\t\t\t<rs-module-wrap id=\"rev_slider_20_1_wrapper\" data-source=\"gallery\" style=\"visibility:hidden;background:transparent;padding:0;margin:0px auto;margin-top:0;margin-bottom:0;\">\n\t\t\t\t<rs-module id=\"rev_slider_20_1\" style=\"\" data-version=\"6.7.38\">\n\t\t\t\t\t<rs-slides style=\"overflow: hidden; position: absolute;\">\n\t\t\t\t\t\t<rs-slide style=\"position: absolute;\" data-key=\"rs-49\" data-title=\"Slide\" data-anim=\"adpr:false;\" data-in=\"o:0;\" data-out=\"a:false;\">\n\t\t\t\t\t\t\t<img decoding=\"async\" src=\"\/\/www.memory-star-kids.com\/wp-content\/plugins\/revslider\/sr6\/assets\/assets\/dummy.png\" alt=\"Slide\" title=\"Zahlung erfolgreich\" class=\"rev-slidebg tp-rs-img rs-lazyload\" data-lazyload=\"\/\/www.memory-star-kids.com\/wp-content\/plugins\/revslider\/sr6\/assets\/assets\/transparent.png\" data-no-retina>\n<!--\n\t\t\t\t\t\t\t--><rs-layer\n\t\t\t\t\t\t\t\tid=\"slider-20-slide-49-layer-1\" \n\t\t\t\t\t\t\t\tdata-type=\"image\"\n\t\t\t\t\t\t\t\tdata-rsp_ch=\"on\"\n\t\t\t\t\t\t\t\tdata-xy=\"x:c;xo:0,0,-34px,-27px;y:m,t,t,t;yo:0,0,1px,1px;\"\n\t\t\t\t\t\t\t\tdata-text=\"w:normal;s:20,10,7,4;l:0,13,9,6;\"\n\t\t\t\t\t\t\t\tdata-dim=\"w:1929px,1691px,1701px,1425px;h:406px,356px,358px,300px;\"\n\t\t\t\t\t\t\t\tdata-frame_999=\"o:0;st:w;\"\n\t\t\t\t\t\t\t\tstyle=\"z-index:10;\"\n\t\t\t\t\t\t\t><img decoding=\"async\" src=\"\/\/www.memory-star-kids.com\/wp-content\/plugins\/revslider\/sr6\/assets\/assets\/dummy.png\" alt=\"\" class=\"tp-rs-img rs-lazyload\" width=\"1900\" height=\"400\" data-lazyload=\"\/\/www.memory-star-kids.com\/wp-content\/uploads\/2025\/09\/Slidershow_Anmeldung.jpg\" data-no-retina> \n\t\t\t\t\t\t\t<\/rs-layer><!--\n-->\t\t\t\t\t<\/rs-slide>\n\t\t\t\t\t<\/rs-slides>\n\t\t\t\t<\/rs-module>\n\t\t\t\t<script data-jetpack-boost=\"ignore\">\n\t\t\t\t\tsetREVStartSize({c: 'rev_slider_20_1',rl:[1240,1024,778,480],el:[400,350,360,300],gw:[1900,1024,778,480],gh:[400,350,360,300],type:'standard',justify:'',layout:'fullwidth',mh:\"0\"});if (window.RS_MODULES!==undefined && window.RS_MODULES.modules!==undefined && window.RS_MODULES.modules[\"revslider201\"]!==undefined) {window.RS_MODULES.modules[\"revslider201\"].once = false;window.revapi20 = undefined;if (window.RS_MODULES.checkMinimal!==undefined) window.RS_MODULES.checkMinimal()}\n\t\t\t\t<\/script>\n\t\t\t<\/rs-module-wrap>\n\t\t\t<!-- END REVOLUTION SLIDER -->\n<\/div><\/div><\/div><\/div><\/section><section class=\"l-section wpb_row height_small\"><div class=\"l-section-h i-cf\"><div class=\"g-cols vc_row via_grid cols_1 laptops-cols_inherit tablets-cols_inherit mobiles-cols_1 valign_top type_default stacking_default\"><div class=\"wpb_column vc_column_container\"><div class=\"vc_column-inner\"><div class=\"wpb_text_column text-msk-animated text-obelix\"><div class=\"wpb_wrapper\"><h1 style=\"text-align: center;\">Vielen Dank!<\/h1>\n<\/div><\/div><div class=\"w-separator us_custom_053637e0 text-msk-animated has_text_color size_custom with_line width_default thick_2 style_dotted color_border align_center with_content\" style=\"height:\"><div class=\"w-separator-h\"><i class=\"fas fa-star\"><\/i><\/div><\/div><div class=\"wpb_text_column us_custom_f007d7d1 has_text_color\"><div class=\"wpb_wrapper\"><p style=\"text-align: center;\">Ihr SEPA-Mandat wurde erfolgreich eingerichtet.<br \/>\nWir freuen uns, Sie bei <span style=\"font-family: neuropol; color: #78acf5;\">MEMORY<\/span><span style=\"font-family: neuropol; color: #cc99ff;\"> STAR<\/span> <span style=\"font-family: neuropol; color: #a9d158;\">KIDS<\/span> begr\u00fc\u00dfen zu d\u00fcrfen!<br \/>\nDie monatliche Zahlung wird automatisch zum vereinbarten Termin eingezogen.<\/p>\n<\/div><\/div><\/div><\/div><\/div><\/div><\/section>\n","protected":false},"excerpt":{"rendered":"Vielen Dank! Ihr SEPA-Mandat wurde erfolgreich eingerichtet. Wir freuen uns, Sie bei MEMORY STAR KIDS begr\u00fc\u00dfen zu d\u00fcrfen! Die monatliche Zahlung wird automatisch zum vereinbarten Termin eingezogen.","protected":false},"author":2,"featured_media":0,"parent":91,"menu_order":3,"comment_status":"closed","ping_status":"closed","template":"","meta":{"_acf_changed":false,"_monsterinsights_skip_tracking":false,"_monsterinsights_sitenote_active":false,"_monsterinsights_sitenote_note":"","_monsterinsights_sitenote_category":0,"_uf_show_specific_survey":0,"_uf_disable_surveys":false,"footnotes":""},"class_list":["post-11607","page","type-page","status-publish","hentry"],"acf":[],"aioseo_notices":[],"yoast_head":"<!-- This site is optimized with the Yoast SEO plugin v26.4 - https:\/\/yoast.com\/wordpress\/plugins\/seo\/ -->\n<title>Zahlung erfolgreich - Memory Star Kids<\/title>\n<meta name=\"description\" content=\"Im Mental-Arithmetik Online-Kurs lernen Kinder mentales Rechnen auf der Grundlage des Abakus. Der Kurs ist f\u00fcr zwei Altersgruppen verf\u00fcgbar.\" \/>\n<meta name=\"robots\" content=\"index, follow, max-snippet:-1, max-image-preview:large, max-video-preview:-1\" \/>\n<link rel=\"canonical\" href=\"https:\/\/www.memory-star-kids.com\/de\/online-kurse\/zahlung-erfolgreich\/\" \/>\n<meta property=\"og:locale\" content=\"de_DE\" \/>\n<meta property=\"og:type\" content=\"article\" \/>\n<meta property=\"og:title\" content=\"Zahlung erfolgreich - Memory Star Kids\" \/>\n<meta property=\"og:description\" content=\"Im Mental-Arithmetik Online-Kurs lernen Kinder mentales Rechnen auf der Grundlage des Abakus. Der Kurs ist f\u00fcr zwei Altersgruppen verf\u00fcgbar.\" \/>\n<meta property=\"og:url\" content=\"https:\/\/www.memory-star-kids.com\/de\/online-kurse\/zahlung-erfolgreich\/\" \/>\n<meta property=\"og:site_name\" content=\"Memory Star Kids\" \/>\n<meta property=\"article:publisher\" content=\"https:\/\/www.facebook.com\/memorystarkidsru\/\" \/>\n<meta property=\"article:modified_time\" content=\"2026-02-13T10:04:17+00:00\" \/>\n<meta name=\"twitter:card\" content=\"summary_large_image\" \/>\n<meta name=\"twitter:title\" content=\"65\" \/>\n<meta name=\"twitter:description\" content=\"60\" \/>\n<meta name=\"twitter:image\" content=\"http:\/\/false\" \/>\n<meta name=\"twitter:label1\" content=\"Gesch\u00e4tzte Lesezeit\" \/>\n\t<meta name=\"twitter:data1\" content=\"1\u00a0Minute\" \/>\n<script type=\"application\/ld+json\" class=\"yoast-schema-graph\">{\"@context\":\"https:\/\/schema.org\",\"@graph\":[{\"@type\":\"WebPage\",\"@id\":\"https:\/\/www.memory-star-kids.com\/de\/online-kurse\/zahlung-erfolgreich\/\",\"url\":\"https:\/\/www.memory-star-kids.com\/de\/online-kurse\/zahlung-erfolgreich\/\",\"name\":\"Zahlung erfolgreich - Memory Star Kids\",\"isPartOf\":{\"@id\":\"https:\/\/www.memory-star-kids.com\/de\/#website\"},\"datePublished\":\"2026-02-12T22:47:00+00:00\",\"dateModified\":\"2026-02-13T10:04:17+00:00\",\"description\":\"Im Mental-Arithmetik Online-Kurs lernen Kinder mentales Rechnen auf der Grundlage des Abakus. Der Kurs ist f\u00fcr zwei Altersgruppen verf\u00fcgbar.\",\"breadcrumb\":{\"@id\":\"https:\/\/www.memory-star-kids.com\/de\/online-kurse\/zahlung-erfolgreich\/#breadcrumb\"},\"inLanguage\":\"de\",\"potentialAction\":[{\"@type\":\"ReadAction\",\"target\":[\"https:\/\/www.memory-star-kids.com\/de\/online-kurse\/zahlung-erfolgreich\/\"]}]},{\"@type\":\"BreadcrumbList\",\"@id\":\"https:\/\/www.memory-star-kids.com\/de\/online-kurse\/zahlung-erfolgreich\/#breadcrumb\",\"itemListElement\":[{\"@type\":\"ListItem\",\"position\":1,\"name\":\"Startseite\",\"item\":\"https:\/\/www.memory-star-kids.com\/de\/\"},{\"@type\":\"ListItem\",\"position\":2,\"name\":\"Online-Kurse\",\"item\":\"https:\/\/www.memory-star-kids.com\/de\/online-kurse\/\"},{\"@type\":\"ListItem\",\"position\":3,\"name\":\"Zahlung erfolgreich\"}]},{\"@type\":\"WebSite\",\"@id\":\"https:\/\/www.memory-star-kids.com\/de\/#website\",\"url\":\"https:\/\/www.memory-star-kids.com\/de\/\",\"name\":\"Memory Star Kids\",\"description\":\"\",\"publisher\":{\"@id\":\"https:\/\/www.memory-star-kids.com\/de\/#organization\"},\"potentialAction\":[{\"@type\":\"SearchAction\",\"target\":{\"@type\":\"EntryPoint\",\"urlTemplate\":\"https:\/\/www.memory-star-kids.com\/de\/?s={search_term_string}\"},\"query-input\":{\"@type\":\"PropertyValueSpecification\",\"valueRequired\":true,\"valueName\":\"search_term_string\"}}],\"inLanguage\":\"de\"},{\"@type\":\"Organization\",\"@id\":\"https:\/\/www.memory-star-kids.com\/de\/#organization\",\"name\":\"MEMORY STAR KIDS\",\"url\":\"https:\/\/www.memory-star-kids.com\/de\/\",\"logo\":{\"@type\":\"ImageObject\",\"inLanguage\":\"de\",\"@id\":\"https:\/\/www.memory-star-kids.com\/de\/#\/schema\/logo\/image\/\",\"url\":\"https:\/\/www.memory-star-kids.com\/wp-content\/uploads\/2020\/06\/msk_WEB-logo-24.png\",\"contentUrl\":\"https:\/\/www.memory-star-kids.com\/wp-content\/uploads\/2020\/06\/msk_WEB-logo-24.png\",\"width\":300,\"height\":131,\"caption\":\"MEMORY STAR KIDS\"},\"image\":{\"@id\":\"https:\/\/www.memory-star-kids.com\/de\/#\/schema\/logo\/image\/\"},\"sameAs\":[\"https:\/\/www.facebook.com\/memorystarkidsru\/\",\"https:\/\/www.instagram.com\/memorystarkids\/\",\"https:\/\/www.youtube.com\/channel\/UCrLNWccwr78ERjLA2pbF8JQ\"]}]}<\/script>\n<!-- \/ Yoast SEO plugin. -->","yoast_head_json":{"title":"Zahlung erfolgreich - Memory Star Kids","description":"Im Mental-Arithmetik Online-Kurs lernen Kinder mentales Rechnen auf der Grundlage des Abakus. Der Kurs ist f\u00fcr zwei Altersgruppen verf\u00fcgbar.","robots":{"index":"index","follow":"follow","max-snippet":"max-snippet:-1","max-image-preview":"max-image-preview:large","max-video-preview":"max-video-preview:-1"},"canonical":"https:\/\/www.memory-star-kids.com\/de\/online-kurse\/zahlung-erfolgreich\/","og_locale":"de_DE","og_type":"article","og_title":"Zahlung erfolgreich - Memory Star Kids","og_description":"Im Mental-Arithmetik Online-Kurs lernen Kinder mentales Rechnen auf der Grundlage des Abakus. Der Kurs ist f\u00fcr zwei Altersgruppen verf\u00fcgbar.","og_url":"https:\/\/www.memory-star-kids.com\/de\/online-kurse\/zahlung-erfolgreich\/","og_site_name":"Memory Star Kids","article_publisher":"https:\/\/www.facebook.com\/memorystarkidsru\/","article_modified_time":"2026-02-13T10:04:17+00:00","twitter_card":"summary_large_image","twitter_title":"65","twitter_description":"60","twitter_image":"false","twitter_misc":{"Gesch\u00e4tzte Lesezeit":"1\u00a0Minute"},"schema":{"@context":"https:\/\/schema.org","@graph":[{"@type":"WebPage","@id":"https:\/\/www.memory-star-kids.com\/de\/online-kurse\/zahlung-erfolgreich\/","url":"https:\/\/www.memory-star-kids.com\/de\/online-kurse\/zahlung-erfolgreich\/","name":"Zahlung erfolgreich - Memory Star Kids","isPartOf":{"@id":"https:\/\/www.memory-star-kids.com\/de\/#website"},"datePublished":"2026-02-12T22:47:00+00:00","dateModified":"2026-02-13T10:04:17+00:00","description":"Im Mental-Arithmetik Online-Kurs lernen Kinder mentales Rechnen auf der Grundlage des Abakus. Der Kurs ist f\u00fcr zwei Altersgruppen verf\u00fcgbar.","breadcrumb":{"@id":"https:\/\/www.memory-star-kids.com\/de\/online-kurse\/zahlung-erfolgreich\/#breadcrumb"},"inLanguage":"de","potentialAction":[{"@type":"ReadAction","target":["https:\/\/www.memory-star-kids.com\/de\/online-kurse\/zahlung-erfolgreich\/"]}]},{"@type":"BreadcrumbList","@id":"https:\/\/www.memory-star-kids.com\/de\/online-kurse\/zahlung-erfolgreich\/#breadcrumb","itemListElement":[{"@type":"ListItem","position":1,"name":"Startseite","item":"https:\/\/www.memory-star-kids.com\/de\/"},{"@type":"ListItem","position":2,"name":"Online-Kurse","item":"https:\/\/www.memory-star-kids.com\/de\/online-kurse\/"},{"@type":"ListItem","position":3,"name":"Zahlung erfolgreich"}]},{"@type":"WebSite","@id":"https:\/\/www.memory-star-kids.com\/de\/#website","url":"https:\/\/www.memory-star-kids.com\/de\/","name":"Memory Star Kids","description":"","publisher":{"@id":"https:\/\/www.memory-star-kids.com\/de\/#organization"},"potentialAction":[{"@type":"SearchAction","target":{"@type":"EntryPoint","urlTemplate":"https:\/\/www.memory-star-kids.com\/de\/?s={search_term_string}"},"query-input":{"@type":"PropertyValueSpecification","valueRequired":true,"valueName":"search_term_string"}}],"inLanguage":"de"},{"@type":"Organization","@id":"https:\/\/www.memory-star-kids.com\/de\/#organization","name":"MEMORY STAR KIDS","url":"https:\/\/www.memory-star-kids.com\/de\/","logo":{"@type":"ImageObject","inLanguage":"de","@id":"https:\/\/www.memory-star-kids.com\/de\/#\/schema\/logo\/image\/","url":"https:\/\/www.memory-star-kids.com\/wp-content\/uploads\/2020\/06\/msk_WEB-logo-24.png","contentUrl":"https:\/\/www.memory-star-kids.com\/wp-content\/uploads\/2020\/06\/msk_WEB-logo-24.png","width":300,"height":131,"caption":"MEMORY STAR KIDS"},"image":{"@id":"https:\/\/www.memory-star-kids.com\/de\/#\/schema\/logo\/image\/"},"sameAs":["https:\/\/www.facebook.com\/memorystarkidsru\/","https:\/\/www.instagram.com\/memorystarkids\/","https:\/\/www.youtube.com\/channel\/UCrLNWccwr78ERjLA2pbF8JQ"]}]}},"jetpack_sharing_enabled":true,"_links":{"self":[{"href":"https:\/\/www.memory-star-kids.com\/de\/wp-json\/wp\/v2\/pages\/11607","targetHints":{"allow":["GET"]}}],"collection":[{"href":"https:\/\/www.memory-star-kids.com\/de\/wp-json\/wp\/v2\/pages"}],"about":[{"href":"https:\/\/www.memory-star-kids.com\/de\/wp-json\/wp\/v2\/types\/page"}],"author":[{"embeddable":true,"href":"https:\/\/www.memory-star-kids.com\/de\/wp-json\/wp\/v2\/users\/2"}],"replies":[{"embeddable":true,"href":"https:\/\/www.memory-star-kids.com\/de\/wp-json\/wp\/v2\/comments?post=11607"}],"version-history":[{"count":10,"href":"https:\/\/www.memory-star-kids.com\/de\/wp-json\/wp\/v2\/pages\/11607\/revisions"}],"predecessor-version":[{"id":11619,"href":"https:\/\/www.memory-star-kids.com\/de\/wp-json\/wp\/v2\/pages\/11607\/revisions\/11619"}],"up":[{"embeddable":true,"href":"https:\/\/www.memory-star-kids.com\/de\/wp-json\/wp\/v2\/pages\/91"}],"wp:attachment":[{"href":"https:\/\/www.memory-star-kids.com\/de\/wp-json\/wp\/v2\/media?parent=11607"}],"curies":[{"name":"wp","href":"https:\/\/api.w.org\/{rel}","templated":true}]}}