{"id":11374,"date":"2025-12-25T23:13:16","date_gmt":"2025-12-25T23:13:16","guid":{"rendered":"https:\/\/www.memory-star-kids.com\/?page_id=11374"},"modified":"2025-12-26T01:17:12","modified_gmt":"2025-12-26T01:17:12","slug":"was-ist-rechenschwaeche-dyskalkulie","status":"publish","type":"page","link":"https:\/\/www.memory-star-kids.com\/de\/thema\/was-ist-rechenschwaeche-dyskalkulie\/","title":{"rendered":"Was ist Rechenschw\u00e4che (Dyskalkulie)?"},"content":{"rendered":"<section class=\"l-section wpb_row height_auto width_full\"><div class=\"l-section-h i-cf\"><div class=\"g-cols vc_row via_grid cols_1 laptops-cols_inherit tablets-cols_inherit mobiles-cols_1 valign_top type_default stacking_default\"><div class=\"wpb_column vc_column_container\"><div class=\"vc_column-inner\">\n\t\t\t<!-- START was ist Dyskalkulie? REVOLUTION SLIDER 6.7.38 --><p class=\"rs-p-wp-fix\"><\/p>\n\t\t\t<rs-module-wrap id=\"rev_slider_25_1_wrapper\" data-source=\"gallery\" style=\"visibility:hidden;background:transparent;padding:0;margin:0px auto;margin-top:0;margin-bottom:0;\">\n\t\t\t\t<rs-module id=\"rev_slider_25_1\" style=\"\" data-version=\"6.7.38\">\n\t\t\t\t\t<rs-slides style=\"overflow: hidden; position: absolute;\">\n\t\t\t\t\t\t<rs-slide style=\"position: absolute;\" data-key=\"rs-54\" data-title=\"Slide\" data-anim=\"adpr:false;\" data-in=\"o:0;\" data-out=\"a:false;\">\n\t\t\t\t\t\t\t<img decoding=\"async\" src=\"\/\/www.memory-star-kids.com\/wp-content\/plugins\/revslider\/sr6\/assets\/assets\/dummy.png\" alt=\"Slide\" title=\"Was ist Rechenschw\u00e4che (Dyskalkulie)?\" class=\"rev-slidebg tp-rs-img rs-lazyload\" data-lazyload=\"\/\/www.memory-star-kids.com\/wp-content\/plugins\/revslider\/sr6\/assets\/assets\/transparent.png\" data-no-retina>\n<!--\n\t\t\t\t\t\t\t--><rs-layer\n\t\t\t\t\t\t\t\tid=\"slider-25-slide-54-layer-1\" \n\t\t\t\t\t\t\t\tdata-type=\"image\"\n\t\t\t\t\t\t\t\tdata-rsp_ch=\"on\"\n\t\t\t\t\t\t\t\tdata-xy=\"x:c;xo:0,-286px,-139px,-35px;y:m,t,t,t;yo:0,-1px,1px,0;\"\n\t\t\t\t\t\t\t\tdata-text=\"w:normal;s:20,10,7,4;l:0,13,9,6;\"\n\t\t\t\t\t\t\t\tdata-dim=\"w:1929px,1691px,1701px,1425px;h:406px,356px,358px,300px;\"\n\t\t\t\t\t\t\t\tdata-frame_999=\"o:0;st:w;\"\n\t\t\t\t\t\t\t\tstyle=\"z-index:10;\"\n\t\t\t\t\t\t\t><img decoding=\"async\" src=\"\/\/www.memory-star-kids.com\/wp-content\/plugins\/revslider\/sr6\/assets\/assets\/dummy.png\" alt=\"\" class=\"tp-rs-img rs-lazyload\" width=\"1900\" height=\"400\" data-lazyload=\"\/\/www.memory-star-kids.com\/wp-content\/uploads\/2025\/12\/was-_st_dyskalkulie_slider.png\" data-no-retina> \n\t\t\t\t\t\t\t<\/rs-layer><!--\n-->\t\t\t\t\t<\/rs-slide>\n\t\t\t\t\t<\/rs-slides>\n\t\t\t\t<\/rs-module>\n\t\t\t\t<script data-jetpack-boost=\"ignore\">\n\t\t\t\t\tsetREVStartSize({c: 'rev_slider_25_1',rl:[1240,1024,778,480],el:[400,350,360,300],gw:[1900,1024,778,480],gh:[400,350,360,300],type:'standard',justify:'',layout:'fullwidth',mh:\"0\"});if (window.RS_MODULES!==undefined && window.RS_MODULES.modules!==undefined && window.RS_MODULES.modules[\"revslider251\"]!==undefined) {window.RS_MODULES.modules[\"revslider251\"].once = false;window.revapi25 = undefined;if (window.RS_MODULES.checkMinimal!==undefined) window.RS_MODULES.checkMinimal()}\n\t\t\t\t<\/script>\n\t\t\t<\/rs-module-wrap>\n\t\t\t<!-- END REVOLUTION SLIDER -->\n<\/div><\/div><\/div><\/div><\/section><section class=\"l-section wpb_row height_small\"><div class=\"l-section-h i-cf\"><div class=\"g-cols vc_row via_grid cols_1 laptops-cols_inherit tablets-cols_inherit mobiles-cols_1 valign_top type_default stacking_default\"><div class=\"wpb_column vc_column_container text-msk-animated text-obelix\"><div class=\"vc_column-inner\"><div class=\"wpb_text_column\"><div class=\"wpb_wrapper\"><h1 style=\"text-align: center;\">Was ist Rechenschw\u00e4che (Dyskalkulie)?<\/h1>\n<\/div><\/div><div class=\"w-separator us_custom_053637e0 has_text_color size_custom with_line width_default thick_2 style_dotted color_border align_center with_content\" style=\"height:\"><div class=\"w-separator-h\"><i class=\"fas fa-star\"><\/i><\/div><\/div><\/div><\/div><\/div><\/div><\/section><section class=\"l-section wpb_row height_small\"><div class=\"l-section-h i-cf\"><div class=\"g-cols vc_row via_grid cols_1-2 laptops-cols_inherit tablets-cols_inherit mobiles-cols_1 valign_top type_default stacking_default\"><div class=\"wpb_column vc_column_container\"><div class=\"vc_column-inner\"><div class=\"w-image align_none\"><div class=\"w-image-h\"><img decoding=\"async\" width=\"1024\" height=\"1024\" src=\"https:\/\/www.memory-star-kids.com\/wp-content\/uploads\/2025\/12\/dyskalkulie_01.png\" class=\"attachment-large size-large\" alt=\"\" loading=\"lazy\" srcset=\"https:\/\/www.memory-star-kids.com\/wp-content\/uploads\/2025\/12\/dyskalkulie_01.png 1024w, https:\/\/www.memory-star-kids.com\/wp-content\/uploads\/2025\/12\/dyskalkulie_01-300x300.png 300w, https:\/\/www.memory-star-kids.com\/wp-content\/uploads\/2025\/12\/dyskalkulie_01-150x150.png 150w, https:\/\/www.memory-star-kids.com\/wp-content\/uploads\/2025\/12\/dyskalkulie_01-500x500.png 500w\" sizes=\"auto, (max-width: 1024px) 100vw, 1024px\" \/><\/div><\/div><\/div><\/div><div class=\"wpb_column vc_column_container\"><div class=\"vc_column-inner\"><div class=\"wpb_text_column\"><div class=\"wpb_wrapper\"><p>Rechenschw\u00e4che, auch Dyskalkulie genannt, ist eine spezifische Lernschwierigkeit im Bereich Mathematik. Kinder mit Rechenschw\u00e4che haben anhaltende Probleme beim Verstehen von Zahlen, Mengen und Rechenwegen \u2013 unabh\u00e4ngig von Intelligenz oder Motivation.<\/p>\n<p>Typisch f\u00fcr Dyskalkulie ist, dass mathematische Grundlagen nicht automatisiert werden k\u00f6nnen. Das betrifft nicht nur das Rechnen selbst, sondern vor allem das Zahlverst\u00e4ndnis.<\/p>\n<\/div><\/div><div class=\"wpb_text_column us_custom_6d1bed51 has_text_color\"><div class=\"wpb_wrapper\"><h2 class=\"text-msk-1 text-uppercase mb-3\" style=\"text-align: left;\">Woran erkennt man eine Rechenschw\u00e4che?<\/h2>\n<\/div><\/div><div class=\"wpb_text_column\"><div class=\"wpb_wrapper\"><p>Kinder mit Rechenschw\u00e4che oder Dyskalkulie zeigen h\u00e4ufig:<\/p>\n<p><i class=\"fas fa-star text-green\"><\/i> Schwierigkeiten beim Erfassen von Mengen<br \/>\n<i class=\"fas fa-star text-orange\"><\/i> Probleme mit Zahlvorstellungen (z. B. was gr\u00f6\u00dfer oder kleiner ist)<br \/>\n<i class=\"fas fa-star text-lilac\"><\/i> Unsicherheit bei einfachen Rechenaufgaben<br \/>\n<i class=\"fas fa-star text-blue\"><\/i> Z\u00e4hlen statt Rechnen, auch in h\u00f6heren Klassen<br \/>\n<i class=\"fas fa-star text-teal\"><\/i> Probleme bei Zehner\u00fcberg\u00e4ngen<br \/>\n<i class=\"fas fa-star text-green\"><\/i> Schnelles Vergessen von Rechenwegen<br \/>\n<i class=\"fas fa-star text-orange\"><\/i> Frust, Stress oder Angst bei Mathematik<\/p>\n<p>Diese Anzeichen k\u00f6nnen schon im Kindergarten oder in den ersten Schuljahren auftreten.<\/p>\n<\/div><\/div><\/div><\/div><\/div><\/div><\/section><section class=\"l-section wpb_row us_custom_a12b5296 height_small\"><div class=\"l-section-h i-cf\"><div class=\"g-cols vc_row via_grid cols_2-1 laptops-cols_inherit tablets-cols_inherit mobiles-cols_1 valign_top type_default stacking_default\"><div class=\"wpb_column vc_column_container\"><div class=\"vc_column-inner\"><div class=\"wpb_text_column us_custom_6d1bed51 has_text_color\"><div class=\"wpb_wrapper\"><h2 class=\"text-msk-1 text-uppercase mb-3\" style=\"text-align: left;\">Rechenschw\u00e4che oder Dyskalkulie \u2013 gibt es einen Unterschied?<\/h2>\n<\/div><\/div><div class=\"wpb_text_column\"><div class=\"wpb_wrapper\"><p>Der Begriff Rechenschw\u00e4che wird oft allgemein verwendet.<br \/>\nDyskalkulie bezeichnet eine diagnostizierte, ausgepr\u00e4gte Form der Rechenschw\u00e4che.<\/p>\n<p>Wichtig:<br \/>\nNicht jedes Kind mit Schwierigkeiten in Mathematik hat automatisch Dyskalkulie.<br \/>\nFr\u00fche und gezielte F\u00f6rderung kann viele Probleme deutlich reduzieren.<\/p>\n<\/div><\/div><div class=\"wpb_text_column us_custom_8e9f4c45 has_text_color\"><div class=\"wpb_wrapper\"><h2>Was sind die Ursachen von Dyskalkulie?<\/h2>\n<\/div><\/div><div class=\"wpb_text_column\"><div class=\"wpb_wrapper\"><p>Die Ursachen einer Rechenschw\u00e4che sind vielf\u00e4ltig und individuell unterschiedlich. H\u00e4ufig spielen eine Rolle:<\/p>\n<p><i class=\"fas fa-star text-green\"><\/i> Fehlendes oder instabiles Zahlgef\u00fchl<br \/>\n<i class=\"fas fa-star text-orange\"><\/i> Schwierigkeiten in der Mengenwahrnehmung<br \/>\n<i class=\"fas fa-star text-lilac\"><\/i> Probleme im Arbeitsged\u00e4chtnis<br \/>\n<i class=\"fas fa-star text-blue\"><\/i> Ung\u00fcnstige Lernmethoden oder zu fr\u00fches Tempo<br \/>\n<i class=\"fas fa-star text-teal\"><\/i> Negative Lernerfahrungen und Rechenangst<\/p>\n<p>Rechenschw\u00e4che ist keine Folge von Faulheit oder mangelnder Intelligenz.<\/p>\n<\/div><\/div><\/div><\/div><div class=\"wpb_column vc_column_container\"><div class=\"vc_column-inner\"><div class=\"w-image align_none\"><div class=\"w-image-h\"><img decoding=\"async\" width=\"1024\" height=\"1024\" src=\"https:\/\/www.memory-star-kids.com\/wp-content\/uploads\/2025\/12\/dyskalkulie_02.png\" class=\"attachment-large size-large\" alt=\"\" loading=\"lazy\" srcset=\"https:\/\/www.memory-star-kids.com\/wp-content\/uploads\/2025\/12\/dyskalkulie_02.png 1024w, https:\/\/www.memory-star-kids.com\/wp-content\/uploads\/2025\/12\/dyskalkulie_02-300x300.png 300w, https:\/\/www.memory-star-kids.com\/wp-content\/uploads\/2025\/12\/dyskalkulie_02-150x150.png 150w, https:\/\/www.memory-star-kids.com\/wp-content\/uploads\/2025\/12\/dyskalkulie_02-500x500.png 500w\" sizes=\"auto, (max-width: 1024px) 100vw, 1024px\" \/><\/div><\/div><\/div><\/div><\/div><\/div><\/section><section class=\"l-section wpb_row height_small\"><div class=\"l-section-h i-cf\"><div class=\"g-cols vc_row via_grid cols_1-2 laptops-cols_inherit tablets-cols_inherit mobiles-cols_1 valign_top type_default stacking_default\"><div class=\"wpb_column vc_column_container\"><div class=\"vc_column-inner\"><div class=\"w-image align_none\"><div class=\"w-image-h\"><img decoding=\"async\" width=\"1024\" height=\"1024\" src=\"https:\/\/www.memory-star-kids.com\/wp-content\/uploads\/2025\/12\/dyskalkulie_03.png\" class=\"attachment-large size-large\" alt=\"\" loading=\"lazy\" srcset=\"https:\/\/www.memory-star-kids.com\/wp-content\/uploads\/2025\/12\/dyskalkulie_03.png 1024w, https:\/\/www.memory-star-kids.com\/wp-content\/uploads\/2025\/12\/dyskalkulie_03-300x300.png 300w, https:\/\/www.memory-star-kids.com\/wp-content\/uploads\/2025\/12\/dyskalkulie_03-150x150.png 150w, https:\/\/www.memory-star-kids.com\/wp-content\/uploads\/2025\/12\/dyskalkulie_03-500x500.png 500w\" sizes=\"auto, (max-width: 1024px) 100vw, 1024px\" \/><\/div><\/div><\/div><\/div><div class=\"wpb_column vc_column_container\"><div class=\"vc_column-inner\"><div class=\"wpb_text_column us_custom_8e9f4c45 has_text_color\"><div class=\"wpb_wrapper\"><h2>Wie kann man Kinder mit Rechenschw\u00e4che unterst\u00fctzen?<\/h2>\n<\/div><\/div><div class=\"wpb_text_column\"><div class=\"wpb_wrapper\"><p>Kinder mit Dyskalkulie brauchen vor allem:<br \/>\n<i class=\"fas fa-star text-green\"><\/i> einen langsamen, strukturierten Aufbau<br \/>\n<i class=\"fas fa-star text-orange\"><\/i> verst\u00e4ndliche Erkl\u00e4rungen statt Auswendiglernen<br \/>\n<i class=\"fas fa-star text-lilac\"><\/i> visuelle und handelnde Materialien<br \/>\n<i class=\"fas fa-star text-blue\"><\/i> kleine Rechenschritte (z. B. \u00b11 statt gro\u00dfe Spr\u00fcnge)<br \/>\n<i class=\"fas fa-star text-teal\"><\/i> stressfreies \u00dcben ohne Zeitdruck<\/p>\n<p>Fr\u00fchzeitige F\u00f6rderung st\u00e4rkt nicht nur die Rechenf\u00e4higkeiten, sondern auch das Selbstvertrauen.<\/p>\n<\/div><\/div><div class=\"wpb_text_column us_custom_6cf10ada has_text_color\"><div class=\"wpb_wrapper\"><h2>Fazit: Rechenschw\u00e4che verstehen \u2013 Kinder richtig f\u00f6rdern<\/h2>\n<\/div><\/div><div class=\"wpb_text_column\"><div class=\"wpb_wrapper\"><p>Rechenschw\u00e4che (Dyskalkulie) ist eine ernstzunehmende Lernschwierigkeit, die Kinder stark belasten kann. Mit dem richtigen Verst\u00e4ndnis, geeigneten Methoden und individueller F\u00f6rderung k\u00f6nnen betroffene Kinder jedoch lernen, sicherer und entspannter mit Zahlen umzugehen.<\/p>\n<\/div><\/div><\/div><\/div><\/div><\/div><\/section><section class=\"l-section wpb_row height_small\"><div class=\"l-section-h i-cf\"><div class=\"g-cols vc_row via_grid cols_1 laptops-cols_inherit tablets-cols_inherit mobiles-cols_1 valign_top type_default stacking_default\"><div class=\"wpb_column vc_column_container\"><div class=\"vc_column-inner\"><div class=\"w-separator us_custom_a574d586 has_text_color size_custom with_line width_default thick_2 style_dotted color_border align_center with_content\" style=\"height:\"><div class=\"w-separator-h\"><i class=\"fas fa-star\"><\/i><\/div><\/div><div class=\"wpb_text_column us_custom_78dc1ebf has_text_color\"><div class=\"wpb_wrapper\"><h2 style=\"text-align: center;\">Mehr interessante Themen<\/h2>\n<\/div><\/div><div class=\"wpb_text_column us_custom_7eba3a14\"><div class=\"wpb_wrapper\"><p style=\"text-align: center;\">Wir haben viele weitere interessante Themen f\u00fcr Sie vorbereitet!<\/p>\n<\/div><\/div><div class=\"g-cols wpb_row via_grid cols_5 laptops-cols_inherit tablets-cols_inherit mobiles-cols_1 valign_top type_default stacking_default\" style=\"--columns-gap:3rem;\"><div class=\"wpb_column vc_column_container\"><div class=\"vc_column-inner\"><div class=\"w-ibanner us_custom_72523d53 has_text_color animation_phorcys ratio_1x1 easing_ease\"><a title=\"Mental-Arithmetik Online-Kurs\" href=\"https:\/\/www.memory-star-kids.com\/de\/test-auf-rechenschwaeche-dyskalkulie\/\" aria-label=\"Rechenschw\u00e4che Test\"><\/a><div class=\"w-ibanner-h\"><div class=\"w-ibanner-image\" style=\"background-image: url(https:\/\/www.memory-star-kids.com\/wp-content\/uploads\/2022\/09\/hasi.png)\"><\/div><div class=\"w-ibanner-content\"><div class=\"w-ibanner-content-h\"><h6 class=\"w-ibanner-title\">Rechenschw\u00e4che Test<\/h6><div class=\"w-ibanner-desc\"><\/div><\/div><\/div><\/div><\/div><\/div><\/div><div class=\"wpb_column vc_column_container\"><div class=\"vc_column-inner\"><div class=\"w-ibanner us_custom_5dbc0227 has_text_color animation_phorcys ratio_1x1 easing_ease\"><a title=\"Kurse vor Ort \u2013 \u00dcbersicht\" href=\"https:\/\/www.memory-star-kids.com\/de\/kurse-vor-ort\/\" aria-label=\"Kursen vor Ort\"><\/a><div class=\"w-ibanner-h\"><div class=\"w-ibanner-image\" style=\"background-image: url(https:\/\/www.memory-star-kids.com\/wp-content\/uploads\/2020\/06\/Even-1.jpg)\"><\/div><div class=\"w-ibanner-content\"><div class=\"w-ibanner-content-h\"><h6 class=\"w-ibanner-title\">Kursen vor Ort<\/h6><div class=\"w-ibanner-desc\"><\/div><\/div><\/div><\/div><\/div><\/div><\/div><div class=\"wpb_column vc_column_container\"><div class=\"vc_column-inner\"><div class=\"w-ibanner us_custom_020393d4 has_text_color animation_phorcys ratio_1x1 easing_ease\"><a title=\"Was ist Mnemotechnik?\" href=\"https:\/\/www.memory-star-kids.com\/de\/thema\/mnemotechnik\/\" aria-label=\"Mnemotechnik\"><\/a><div class=\"w-ibanner-h\"><div class=\"w-ibanner-image\" style=\"background-image: url(https:\/\/www.memory-star-kids.com\/wp-content\/uploads\/2020\/06\/Mnemotechnik1.jpg)\"><\/div><div class=\"w-ibanner-content\"><div class=\"w-ibanner-content-h\"><h6 class=\"w-ibanner-title\">Mnemotechnik<\/h6><div class=\"w-ibanner-desc\"><\/div><\/div><\/div><\/div><\/div><\/div><\/div><div class=\"wpb_column vc_column_container\"><div class=\"vc_column-inner\"><div class=\"w-ibanner us_custom_e63bf2c2 has_text_color animation_phorcys ratio_1x1 easing_ease\"><a title=\"Was ist ein Abakus?\" href=\"https:\/\/memory-star-kids.com\/de\/thema\/was-ist-ein-abakus\/\" aria-label=\"Was ist ein Abakus?\"><\/a><div class=\"w-ibanner-h\"><div class=\"w-ibanner-image\" style=\"background-image: url(https:\/\/www.memory-star-kids.com\/wp-content\/uploads\/2020\/06\/abakus-3.png)\"><\/div><div class=\"w-ibanner-content\"><div class=\"w-ibanner-content-h\"><h6 class=\"w-ibanner-title\">Was ist ein Abakus?<\/h6><div class=\"w-ibanner-desc\"><\/div><\/div><\/div><\/div><\/div><\/div><\/div><div class=\"wpb_column vc_column_container\"><div class=\"vc_column-inner\"><div class=\"w-ibanner us_custom_f8d030f1 has_text_color animation_phorcys ratio_1x1 easing_ease\"><a title=\"Was ist ein Abakus?\" href=\"https:\/\/memory-star-kids.com\/de\/thema\/was-ist-ein-abakus\/\" aria-label=\"Shop\"><\/a><div class=\"w-ibanner-h\"><div class=\"w-ibanner-image\" style=\"background-image: url(https:\/\/www.memory-star-kids.com\/wp-content\/uploads\/2020\/06\/shop.jpg)\"><\/div><div class=\"w-ibanner-content\"><div class=\"w-ibanner-content-h\"><h6 class=\"w-ibanner-title\">Shop<\/h6><div class=\"w-ibanner-desc\"><\/div><\/div><\/div><\/div><\/div><\/div><\/div><\/div><\/div><\/div><\/div><\/div><\/section>\n","protected":false},"excerpt":{"rendered":"Was ist Rechenschw\u00e4che (Dyskalkulie)? Rechenschw\u00e4che, auch Dyskalkulie genannt, ist eine spezifische Lernschwierigkeit im Bereich Mathematik. Kinder mit Rechenschw\u00e4che haben anhaltende Probleme beim Verstehen von Zahlen, Mengen und Rechenwegen \u2013 unabh\u00e4ngig von Intelligenz oder Motivation. Typisch f\u00fcr Dyskalkulie ist, dass mathematische Grundlagen nicht automatisiert werden k\u00f6nnen. Das betrifft nicht nur das Rechnen selbst, sondern vor allem...","protected":false},"author":2,"featured_media":0,"parent":64,"menu_order":2,"comment_status":"closed","ping_status":"closed","template":"","meta":{"_acf_changed":false,"_monsterinsights_skip_tracking":false,"_monsterinsights_sitenote_active":false,"_monsterinsights_sitenote_note":"","_monsterinsights_sitenote_category":0,"_uf_show_specific_survey":0,"_uf_disable_surveys":false,"footnotes":""},"class_list":["post-11374","page","type-page","status-publish","hentry"],"acf":[],"aioseo_notices":[],"yoast_head":"<!-- This site is optimized with the Yoast SEO plugin v26.4 - https:\/\/yoast.com\/wordpress\/plugins\/seo\/ -->\n<title>Was ist Rechenschw\u00e4che (Dyskalkulie)? - Memory Star Kids<\/title>\n<meta name=\"description\" content=\"Mental-Arithmetik ist eine spezielle Kopf-Rechnen-Methode, die gleichzeitiges Rechnen und Gedicht erz\u00e4hlen m\u00f6glich macht.\" \/>\n<meta name=\"robots\" content=\"index, follow, max-snippet:-1, max-image-preview:large, max-video-preview:-1\" \/>\n<link rel=\"canonical\" href=\"https:\/\/www.memory-star-kids.com\/de\/thema\/was-ist-rechenschwaeche-dyskalkulie\/\" \/>\n<meta property=\"og:locale\" content=\"de_DE\" \/>\n<meta property=\"og:type\" content=\"article\" \/>\n<meta property=\"og:title\" content=\"Was ist Rechenschw\u00e4che (Dyskalkulie)? - Memory Star Kids\" \/>\n<meta property=\"og:description\" content=\"Mental-Arithmetik ist eine spezielle Kopf-Rechnen-Methode, die gleichzeitiges Rechnen und Gedicht erz\u00e4hlen m\u00f6glich macht.\" \/>\n<meta property=\"og:url\" content=\"https:\/\/www.memory-star-kids.com\/de\/thema\/was-ist-rechenschwaeche-dyskalkulie\/\" \/>\n<meta property=\"og:site_name\" content=\"Memory Star Kids\" \/>\n<meta property=\"article:publisher\" content=\"https:\/\/www.facebook.com\/memorystarkidsru\/\" \/>\n<meta property=\"article:modified_time\" content=\"2025-12-26T01:17:12+00:00\" \/>\n<meta name=\"twitter:card\" content=\"summary_large_image\" \/>\n<meta name=\"twitter:label1\" content=\"Gesch\u00e4tzte Lesezeit\" \/>\n\t<meta name=\"twitter:data1\" content=\"3\u00a0Minuten\" \/>\n<script type=\"application\/ld+json\" class=\"yoast-schema-graph\">{\"@context\":\"https:\/\/schema.org\",\"@graph\":[{\"@type\":\"WebPage\",\"@id\":\"https:\/\/www.memory-star-kids.com\/de\/thema\/was-ist-rechenschwaeche-dyskalkulie\/\",\"url\":\"https:\/\/www.memory-star-kids.com\/de\/thema\/was-ist-rechenschwaeche-dyskalkulie\/\",\"name\":\"Was ist Rechenschw\u00e4che (Dyskalkulie)? - Memory Star Kids\",\"isPartOf\":{\"@id\":\"https:\/\/www.memory-star-kids.com\/de\/#website\"},\"datePublished\":\"2025-12-25T23:13:16+00:00\",\"dateModified\":\"2025-12-26T01:17:12+00:00\",\"description\":\"Mental-Arithmetik ist eine spezielle Kopf-Rechnen-Methode, die gleichzeitiges Rechnen und Gedicht erz\u00e4hlen m\u00f6glich macht.\",\"breadcrumb\":{\"@id\":\"https:\/\/www.memory-star-kids.com\/de\/thema\/was-ist-rechenschwaeche-dyskalkulie\/#breadcrumb\"},\"inLanguage\":\"de\",\"potentialAction\":[{\"@type\":\"ReadAction\",\"target\":[\"https:\/\/www.memory-star-kids.com\/de\/thema\/was-ist-rechenschwaeche-dyskalkulie\/\"]}]},{\"@type\":\"BreadcrumbList\",\"@id\":\"https:\/\/www.memory-star-kids.com\/de\/thema\/was-ist-rechenschwaeche-dyskalkulie\/#breadcrumb\",\"itemListElement\":[{\"@type\":\"ListItem\",\"position\":1,\"name\":\"Startseite\",\"item\":\"https:\/\/www.memory-star-kids.com\/de\/\"},{\"@type\":\"ListItem\",\"position\":2,\"name\":\"Thema\",\"item\":\"https:\/\/www.memory-star-kids.com\/de\/thema\/\"},{\"@type\":\"ListItem\",\"position\":3,\"name\":\"Was ist Rechenschw\u00e4che (Dyskalkulie)?\"}]},{\"@type\":\"WebSite\",\"@id\":\"https:\/\/www.memory-star-kids.com\/de\/#website\",\"url\":\"https:\/\/www.memory-star-kids.com\/de\/\",\"name\":\"Memory Star Kids\",\"description\":\"\",\"publisher\":{\"@id\":\"https:\/\/www.memory-star-kids.com\/de\/#organization\"},\"potentialAction\":[{\"@type\":\"SearchAction\",\"target\":{\"@type\":\"EntryPoint\",\"urlTemplate\":\"https:\/\/www.memory-star-kids.com\/de\/?s={search_term_string}\"},\"query-input\":{\"@type\":\"PropertyValueSpecification\",\"valueRequired\":true,\"valueName\":\"search_term_string\"}}],\"inLanguage\":\"de\"},{\"@type\":\"Organization\",\"@id\":\"https:\/\/www.memory-star-kids.com\/de\/#organization\",\"name\":\"MEMORY STAR KIDS\",\"url\":\"https:\/\/www.memory-star-kids.com\/de\/\",\"logo\":{\"@type\":\"ImageObject\",\"inLanguage\":\"de\",\"@id\":\"https:\/\/www.memory-star-kids.com\/de\/#\/schema\/logo\/image\/\",\"url\":\"https:\/\/www.memory-star-kids.com\/wp-content\/uploads\/2020\/06\/msk_WEB-logo-24.png\",\"contentUrl\":\"https:\/\/www.memory-star-kids.com\/wp-content\/uploads\/2020\/06\/msk_WEB-logo-24.png\",\"width\":300,\"height\":131,\"caption\":\"MEMORY STAR KIDS\"},\"image\":{\"@id\":\"https:\/\/www.memory-star-kids.com\/de\/#\/schema\/logo\/image\/\"},\"sameAs\":[\"https:\/\/www.facebook.com\/memorystarkidsru\/\",\"https:\/\/www.instagram.com\/memorystarkids\/\",\"https:\/\/www.youtube.com\/channel\/UCrLNWccwr78ERjLA2pbF8JQ\"]}]}<\/script>\n<!-- \/ Yoast SEO plugin. -->","yoast_head_json":{"title":"Was ist Rechenschw\u00e4che (Dyskalkulie)? - Memory Star Kids","description":"Mental-Arithmetik ist eine spezielle Kopf-Rechnen-Methode, die gleichzeitiges Rechnen und Gedicht erz\u00e4hlen m\u00f6glich macht.","robots":{"index":"index","follow":"follow","max-snippet":"max-snippet:-1","max-image-preview":"max-image-preview:large","max-video-preview":"max-video-preview:-1"},"canonical":"https:\/\/www.memory-star-kids.com\/de\/thema\/was-ist-rechenschwaeche-dyskalkulie\/","og_locale":"de_DE","og_type":"article","og_title":"Was ist Rechenschw\u00e4che (Dyskalkulie)? - Memory Star Kids","og_description":"Mental-Arithmetik ist eine spezielle Kopf-Rechnen-Methode, die gleichzeitiges Rechnen und Gedicht erz\u00e4hlen m\u00f6glich macht.","og_url":"https:\/\/www.memory-star-kids.com\/de\/thema\/was-ist-rechenschwaeche-dyskalkulie\/","og_site_name":"Memory Star Kids","article_publisher":"https:\/\/www.facebook.com\/memorystarkidsru\/","article_modified_time":"2025-12-26T01:17:12+00:00","twitter_card":"summary_large_image","twitter_misc":{"Gesch\u00e4tzte Lesezeit":"3\u00a0Minuten"},"schema":{"@context":"https:\/\/schema.org","@graph":[{"@type":"WebPage","@id":"https:\/\/www.memory-star-kids.com\/de\/thema\/was-ist-rechenschwaeche-dyskalkulie\/","url":"https:\/\/www.memory-star-kids.com\/de\/thema\/was-ist-rechenschwaeche-dyskalkulie\/","name":"Was ist Rechenschw\u00e4che (Dyskalkulie)? - Memory Star Kids","isPartOf":{"@id":"https:\/\/www.memory-star-kids.com\/de\/#website"},"datePublished":"2025-12-25T23:13:16+00:00","dateModified":"2025-12-26T01:17:12+00:00","description":"Mental-Arithmetik ist eine spezielle Kopf-Rechnen-Methode, die gleichzeitiges Rechnen und Gedicht erz\u00e4hlen m\u00f6glich macht.","breadcrumb":{"@id":"https:\/\/www.memory-star-kids.com\/de\/thema\/was-ist-rechenschwaeche-dyskalkulie\/#breadcrumb"},"inLanguage":"de","potentialAction":[{"@type":"ReadAction","target":["https:\/\/www.memory-star-kids.com\/de\/thema\/was-ist-rechenschwaeche-dyskalkulie\/"]}]},{"@type":"BreadcrumbList","@id":"https:\/\/www.memory-star-kids.com\/de\/thema\/was-ist-rechenschwaeche-dyskalkulie\/#breadcrumb","itemListElement":[{"@type":"ListItem","position":1,"name":"Startseite","item":"https:\/\/www.memory-star-kids.com\/de\/"},{"@type":"ListItem","position":2,"name":"Thema","item":"https:\/\/www.memory-star-kids.com\/de\/thema\/"},{"@type":"ListItem","position":3,"name":"Was ist Rechenschw\u00e4che (Dyskalkulie)?"}]},{"@type":"WebSite","@id":"https:\/\/www.memory-star-kids.com\/de\/#website","url":"https:\/\/www.memory-star-kids.com\/de\/","name":"Memory Star Kids","description":"","publisher":{"@id":"https:\/\/www.memory-star-kids.com\/de\/#organization"},"potentialAction":[{"@type":"SearchAction","target":{"@type":"EntryPoint","urlTemplate":"https:\/\/www.memory-star-kids.com\/de\/?s={search_term_string}"},"query-input":{"@type":"PropertyValueSpecification","valueRequired":true,"valueName":"search_term_string"}}],"inLanguage":"de"},{"@type":"Organization","@id":"https:\/\/www.memory-star-kids.com\/de\/#organization","name":"MEMORY STAR KIDS","url":"https:\/\/www.memory-star-kids.com\/de\/","logo":{"@type":"ImageObject","inLanguage":"de","@id":"https:\/\/www.memory-star-kids.com\/de\/#\/schema\/logo\/image\/","url":"https:\/\/www.memory-star-kids.com\/wp-content\/uploads\/2020\/06\/msk_WEB-logo-24.png","contentUrl":"https:\/\/www.memory-star-kids.com\/wp-content\/uploads\/2020\/06\/msk_WEB-logo-24.png","width":300,"height":131,"caption":"MEMORY STAR KIDS"},"image":{"@id":"https:\/\/www.memory-star-kids.com\/de\/#\/schema\/logo\/image\/"},"sameAs":["https:\/\/www.facebook.com\/memorystarkidsru\/","https:\/\/www.instagram.com\/memorystarkids\/","https:\/\/www.youtube.com\/channel\/UCrLNWccwr78ERjLA2pbF8JQ"]}]}},"jetpack_sharing_enabled":true,"_links":{"self":[{"href":"https:\/\/www.memory-star-kids.com\/de\/wp-json\/wp\/v2\/pages\/11374","targetHints":{"allow":["GET"]}}],"collection":[{"href":"https:\/\/www.memory-star-kids.com\/de\/wp-json\/wp\/v2\/pages"}],"about":[{"href":"https:\/\/www.memory-star-kids.com\/de\/wp-json\/wp\/v2\/types\/page"}],"author":[{"embeddable":true,"href":"https:\/\/www.memory-star-kids.com\/de\/wp-json\/wp\/v2\/users\/2"}],"replies":[{"embeddable":true,"href":"https:\/\/www.memory-star-kids.com\/de\/wp-json\/wp\/v2\/comments?post=11374"}],"version-history":[{"count":13,"href":"https:\/\/www.memory-star-kids.com\/de\/wp-json\/wp\/v2\/pages\/11374\/revisions"}],"predecessor-version":[{"id":11400,"href":"https:\/\/www.memory-star-kids.com\/de\/wp-json\/wp\/v2\/pages\/11374\/revisions\/11400"}],"up":[{"embeddable":true,"href":"https:\/\/www.memory-star-kids.com\/de\/wp-json\/wp\/v2\/pages\/64"}],"wp:attachment":[{"href":"https:\/\/www.memory-star-kids.com\/de\/wp-json\/wp\/v2\/media?parent=11374"}],"curies":[{"name":"wp","href":"https:\/\/api.w.org\/{rel}","templated":true}]}}