{"id":10923,"date":"2025-11-27T14:14:31","date_gmt":"2025-11-27T14:14:31","guid":{"rendered":"https:\/\/www.memory-star-kids.com\/?page_id=10923"},"modified":"2025-12-28T22:43:43","modified_gmt":"2025-12-28T22:43:43","slug":"kostenloser-einmaleins-test","status":"publish","type":"page","link":"https:\/\/www.memory-star-kids.com\/de\/lernwelt\/kostenloser-einmaleins-test\/","title":{"rendered":"Kostenloser Einmaleins-Test"},"content":{"rendered":"<section class=\"l-section wpb_row height_auto width_full\"><div class=\"l-section-h i-cf\"><div class=\"g-cols vc_row via_grid cols_1 laptops-cols_inherit tablets-cols_inherit mobiles-cols_1 valign_top type_default stacking_default\"><div class=\"wpb_column vc_column_container\"><div class=\"vc_column-inner\">\n\t\t\t<!-- START 1x1 Test REVOLUTION SLIDER 6.7.38 --><p class=\"rs-p-wp-fix\"><\/p>\n\t\t\t<rs-module-wrap id=\"rev_slider_22_1_wrapper\" data-source=\"gallery\" style=\"visibility:hidden;background:transparent;padding:0;margin:0px auto;margin-top:0;margin-bottom:0;\">\n\t\t\t\t<rs-module id=\"rev_slider_22_1\" style=\"\" data-version=\"6.7.38\">\n\t\t\t\t\t<rs-slides style=\"overflow: hidden; position: absolute;\">\n\t\t\t\t\t\t<rs-slide style=\"position: absolute;\" data-key=\"rs-51\" data-title=\"Slide\" data-anim=\"adpr:false;\" data-in=\"o:0;\" data-out=\"a:false;\">\n\t\t\t\t\t\t\t<img decoding=\"async\" src=\"\/\/www.memory-star-kids.com\/wp-content\/plugins\/revslider\/sr6\/assets\/assets\/dummy.png\" alt=\"Slide\" title=\"Kostenloser Einmaleins-Test\" class=\"rev-slidebg tp-rs-img rs-lazyload\" data-lazyload=\"\/\/www.memory-star-kids.com\/wp-content\/plugins\/revslider\/sr6\/assets\/assets\/transparent.png\" data-no-retina>\n<!--\n\t\t\t\t\t\t\t--><rs-layer\n\t\t\t\t\t\t\t\tid=\"slider-22-slide-51-layer-4\" \n\t\t\t\t\t\t\t\tclass=\"rs-layer-video intrinsic-ignore\"\n\t\t\t\t\t\t\t\tdata-type=\"video\"\n\t\t\t\t\t\t\t\tdata-rsp_ch=\"on\"\n\t\t\t\t\t\t\t\tdata-xy=\"xo:-12px,-405px,-489px,-479px;y:t,t,t,m;yo:0,-1px,-2px,0;\"\n\t\t\t\t\t\t\t\tdata-text=\"w:normal;s:20,10,7,4;l:0,13,9,6;\"\n\t\t\t\t\t\t\t\tdata-dim=\"w:1920px,1685px,1747px,1445px;h:400px,351px,364px,301px;\"\n\t\t\t\t\t\t\t\tdata-video=\"vfc:true;vd:100;l:false;ptimer:false;nse:f;\"\n\t\t\t\t\t\t\t\tdata-poster=\"\/\/www.memory-star-kids.com\/wp-content\/uploads\/revslider\/video-media\/WP_web_1x1_Slider_51_layer.jpeg\"\n\t\t\t\t\t\t\t\tdata-mp4=\"\/\/www.memory-star-kids.com\/wp-content\/uploads\/2025\/11\/WP_web_1x1_Slider._DE.mp4\"\n\t\t\t\t\t\t\t\tdata-frame_999=\"o:0;st:w;\"\n\t\t\t\t\t\t\t\tstyle=\"z-index:13;\"\n\t\t\t\t\t\t\t>\n\t\t\t\t\t\t\t<\/rs-layer><!--\n-->\t\t\t\t\t<\/rs-slide>\n\t\t\t\t\t<\/rs-slides>\n\t\t\t\t<\/rs-module>\n\t\t\t\t<script data-jetpack-boost=\"ignore\">\n\t\t\t\t\tsetREVStartSize({c: 'rev_slider_22_1',rl:[1240,1024,778,480],el:[400,350,360,300],gw:[1900,1024,778,480],gh:[400,350,360,300],type:'standard',justify:'',layout:'fullwidth',mh:\"0\"});if (window.RS_MODULES!==undefined && window.RS_MODULES.modules!==undefined && window.RS_MODULES.modules[\"revslider221\"]!==undefined) {window.RS_MODULES.modules[\"revslider221\"].once = false;window.revapi22 = undefined;if (window.RS_MODULES.checkMinimal!==undefined) window.RS_MODULES.checkMinimal()}\n\t\t\t\t<\/script>\n\t\t\t<\/rs-module-wrap>\n\t\t\t<!-- END REVOLUTION SLIDER -->\n<\/div><\/div><\/div><\/div><\/section><section class=\"l-section wpb_row height_small\"><div class=\"l-section-h i-cf\"><div class=\"g-cols vc_row via_grid cols_1 laptops-cols_inherit tablets-cols_inherit mobiles-cols_1 valign_top type_default stacking_default\"><div class=\"wpb_column vc_column_container\"><div class=\"vc_column-inner\"><div class=\"wpb_text_column text-msk-animated text-obelix\"><div class=\"wpb_wrapper\"><h1 style=\"text-align: center;\">Kostenloser Einmaleins-Test<\/h1>\n<\/div><\/div><div class=\"w-separator us_custom_053637e0 text-msk-animated has_text_color size_custom with_line width_default thick_2 style_dotted color_border align_center with_content\" style=\"height:\"><div class=\"w-separator-h\"><i class=\"fas fa-star\"><\/i><\/div><\/div><\/div><\/div><\/div><\/div><\/section><section class=\"l-section wpb_row us_custom_f2eec366 height_auto\"><div class=\"l-section-h i-cf\"><div class=\"g-cols vc_row via_grid cols_1 laptops-cols_inherit tablets-cols_inherit mobiles-cols_1 valign_top type_default stacking_default\"><div class=\"wpb_column vc_column_container\"><div class=\"vc_column-inner\">[vc_raw_js]JTNDZGl2JTIwY2xhc3MlM0QlMjJtc3AtY29udGFpbmVyJTIyJTIwZGF0YS1wdWJsaWMta2V5JTNEJTIyOHlmNG4wdG5tams0JTIyJTNFJTNDJTJGZGl2JTNFJTBBJTNDc2NyaXB0JTIwc3JjJTNEJTIyaHR0cHMlM0ElMkYlMkZhcGkubXktc3Rhci1wbGFjZS5jb20lMkZzY3JpcHRzJTJGZW1iZWQlMkZlbWJlZC5qcyUyMiUwQSUyMCUyMCUyMGRhdGEtcHVibGljLWtleSUzRCUyMjh5ZjRuMHRubWprNCUyMiUwQSUyMCUyMCUyMGRhdGEtbGFuZy1jb2RlJTNEJTIyZGUlMjIlMEElMjAlMjAlMjBkYXRhLXRoZW1lJTNEJTIybGlnaHQlMjIlM0UlMEElM0MlMkZzY3JpcHQlM0U=[\/vc_raw_js]<\/div><\/div><\/div><\/div><\/section><section class=\"l-section wpb_row us_custom_cdf14ffd height_auto\"><div class=\"l-section-h i-cf\"><div class=\"g-cols vc_row via_grid cols_1 laptops-cols_inherit tablets-cols_inherit mobiles-cols_1 valign_top type_default stacking_default\"><div class=\"wpb_column vc_column_container\"><div class=\"vc_column-inner\"><div class=\"wpb_text_column text-msk-animated text-obelix\"><div class=\"wpb_wrapper\"><h1 style=\"text-align: center;\">Informationen zum Einmaleins-Test<\/h1>\n<\/div><\/div><\/div><\/div><\/div><\/div><\/section><section class=\"l-section wpb_row us_custom_5c07cc07 height_auto\"><div class=\"l-section-h i-cf\"><div class=\"g-cols vc_row via_grid cols_1 laptops-cols_inherit tablets-cols_inherit mobiles-cols_1 valign_top type_default stacking_default\"><div class=\"wpb_column vc_column_container\"><div class=\"vc_column-inner\"><div class=\"wpb_text_column us_custom_f007d7d1 has_text_color\"><div class=\"wpb_wrapper\"><p>Der Einmaleins-Test besteht aus 30 Aufgaben, die Ihr Kind m\u00f6glichst schnell und korrekt l\u00f6sen soll. Ziel des Tests ist es, einzusch\u00e4tzen, wie sicher die Einmaleins-Kenntnisse bereits sind und ob die Antworten automatisiert abgerufen werden k\u00f6nnen.<\/p>\n<p>Nach Abschluss des Tests erh\u00e4lt Ihr Kind eine Auswertung mit folgenden Bereichen:<\/p>\n<p><i class=\"fas fa-star text-green\"><\/i> Fehlerzahl<br \/>\nWie viele Aufgaben richtig bzw. falsch beantwortet wurden.<br \/>\nDies zeigt, ob es noch Wissensl\u00fccken in bestimmten Malreihen gibt.<br \/>\n<i class=\"fas fa-star text-lilac\"><\/i> Bearbeitungszeit<br \/>\nDie ben\u00f6tigte Zeit gibt Aufschluss dar\u00fcber, wie automatisiert das Einmaleins bereits ist.<br \/>\nJe schneller die richtigen Antworten kommen, desto besser ist das Abrufen verinnerlicht.<br \/>\n<i class=\"fas fa-star text-orange\"><\/i> Individuelle Empfehlungen<br \/>\nAuf Grundlage der Ergebnisse erh\u00e4lt Ihr Kind passende Empfehlungen:<br \/>\nwelche Malreihen noch ge\u00fcbt werden sollten ob die Automatisierung weiter gest\u00e4rkt werden muss welche \u00dcbungen sich besonders eignen wie Sie Ihr Kind zu Hause bestm\u00f6glich unterst\u00fctzen k\u00f6nnen.<\/p>\n<p>Der Test soll Ihrem Kind helfen, seine Einmaleins-Kenntnisse zu verbessern und mehr Sicherheit beim Rechnen zu gewinnen \u2013 ganz ohne Druck.<br \/>\nWenn Sie Fragen haben oder weitere Unterst\u00fctzung ben\u00f6tigen, stehen wir Ihnen gern zur Verf\u00fcgung.<\/p>\n<p>Wenn der Test nicht ganz so gut ausf\u00e4llt, machen Sie sich bitte keine Sorgen. In unserem Kurs \u201eDas Geheimnis von Pythagoria\u201c unterst\u00fctzen wir Ihr Kind spielerisch dabei, das Einmaleins sicherer zu beherrschen und mehr Selbstvertrauen zu gewinnen.<\/p>\n<\/div><\/div><\/div><\/div><\/div><\/div><\/section><section class=\"l-section wpb_row height_small\"><div class=\"l-section-h i-cf\"><div class=\"g-cols vc_row via_grid cols_1 laptops-cols_inherit tablets-cols_inherit mobiles-cols_1 valign_top type_default stacking_default\"><div class=\"wpb_column vc_column_container\"><div class=\"vc_column-inner\"><div class=\"w-btn-wrapper align_center\"><a class=\"w-btn us-btn-style_1 us_custom_507245e6 pad icon_atleft\" title=\"\u041a\u0443\u0440\u0441 \u201e\u0423\u043c\u043d\u043e\u0436\u0430\u0439\u043a\u0430\u201c \u0434\u043b\u044f \u0434\u0435\u0442\u0435\u0439\" href=\"https:\/\/www.memory-star-kids.com\/ru\/\u0443\u043c\u043d\u043e\u0436\u0430\u0439\u043a\u0430-\u0434\u043b\u044f-\u0434\u0435\u0442\u0435\u0439-\u0440\u0435\u0433\u0438\u0441\u0442\u0440\/\"><i class=\"fas fa-angle-double-right\"><\/i><span class=\"w-btn-label\">Anmelden zum Probeunterricht<\/span><\/a><\/div><\/div><\/div><\/div><\/div><\/section>\n","protected":false},"excerpt":{"rendered":"Kostenloser Einmaleins-Test [vc_raw_js]JTNDZGl2JTIwY2xhc3MlM0QlMjJtc3AtY29udGFpbmVyJTIyJTIwZGF0YS1wdWJsaWMta2V5JTNEJTIyOHlmNG4wdG5tams0JTIyJTNFJTNDJTJGZGl2JTNFJTBBJTNDc2NyaXB0JTIwc3JjJTNEJTIyaHR0cHMlM0ElMkYlMkZhcGkubXktc3Rhci1wbGFjZS5jb20lMkZzY3JpcHRzJTJGZW1iZWQlMkZlbWJlZC5qcyUyMiUwQSUyMCUyMCUyMGRhdGEtcHVibGljLWtleSUzRCUyMjh5ZjRuMHRubWprNCUyMiUwQSUyMCUyMCUyMGRhdGEtbGFuZy1jb2RlJTNEJTIyZGUlMjIlMEElMjAlMjAlMjBkYXRhLXRoZW1lJTNEJTIybGlnaHQlMjIlM0UlMEElM0MlMkZzY3JpcHQlM0U=[\/vc_raw_js]Informationen zum Einmaleins-Test Der Einmaleins-Test besteht aus 30 Aufgaben, die Ihr Kind m\u00f6glichst schnell und korrekt l\u00f6sen soll. Ziel des Tests ist es, einzusch\u00e4tzen, wie sicher die Einmaleins-Kenntnisse bereits sind und ob die Antworten automatisiert abgerufen werden k\u00f6nnen. Nach Abschluss des Tests erh\u00e4lt Ihr Kind eine Auswertung mit folgenden Bereichen: Fehlerzahl Wie viele...","protected":false},"author":2,"featured_media":0,"parent":10886,"menu_order":5,"comment_status":"closed","ping_status":"closed","template":"","meta":{"_acf_changed":false,"_monsterinsights_skip_tracking":false,"_monsterinsights_sitenote_active":false,"_monsterinsights_sitenote_note":"","_monsterinsights_sitenote_category":0,"_uf_show_specific_survey":0,"_uf_disable_surveys":false,"footnotes":""},"class_list":["post-10923","page","type-page","status-publish","hentry"],"acf":[],"aioseo_notices":[],"yoast_head":"<!-- This site is optimized with the Yoast SEO plugin v26.4 - https:\/\/yoast.com\/wordpress\/plugins\/seo\/ -->\n<title>Kostenloser Einmaleins-Test - Memory Star Kids<\/title>\n<meta name=\"description\" content=\"In unserem Kurs &quot;Das Geheimnis von Pythagoria&quot; lernt das Kind spielerisch und leicht in nur 8 Unterrichten die gesamte Einmaleins-Tabelle.\" \/>\n<meta name=\"robots\" content=\"index, follow, max-snippet:-1, max-image-preview:large, max-video-preview:-1\" \/>\n<link rel=\"canonical\" href=\"https:\/\/www.memory-star-kids.com\/de\/lernwelt\/kostenloser-einmaleins-test\/\" \/>\n<meta property=\"og:locale\" content=\"de_DE\" \/>\n<meta property=\"og:type\" content=\"article\" \/>\n<meta property=\"og:title\" content=\"Kostenloser Einmaleins-Test - Memory Star Kids\" \/>\n<meta property=\"og:description\" content=\"In unserem Kurs &quot;Das Geheimnis von Pythagoria&quot; lernt das Kind spielerisch und leicht in nur 8 Unterrichten die gesamte Einmaleins-Tabelle.\" \/>\n<meta property=\"og:url\" content=\"https:\/\/www.memory-star-kids.com\/de\/lernwelt\/kostenloser-einmaleins-test\/\" \/>\n<meta property=\"og:site_name\" content=\"Memory Star Kids\" \/>\n<meta property=\"article:publisher\" content=\"https:\/\/www.facebook.com\/memorystarkidsru\/\" \/>\n<meta property=\"article:modified_time\" content=\"2025-12-28T22:43:43+00:00\" \/>\n<meta name=\"twitter:card\" content=\"summary_large_image\" \/>\n<meta name=\"twitter:image\" content=\"http:\/\/false\" \/>\n<meta name=\"twitter:label1\" content=\"Gesch\u00e4tzte Lesezeit\" \/>\n\t<meta name=\"twitter:data1\" content=\"2\u00a0Minuten\" \/>\n<script type=\"application\/ld+json\" class=\"yoast-schema-graph\">{\"@context\":\"https:\/\/schema.org\",\"@graph\":[{\"@type\":\"WebPage\",\"@id\":\"https:\/\/www.memory-star-kids.com\/de\/lernwelt\/kostenloser-einmaleins-test\/\",\"url\":\"https:\/\/www.memory-star-kids.com\/de\/lernwelt\/kostenloser-einmaleins-test\/\",\"name\":\"Kostenloser Einmaleins-Test - Memory Star Kids\",\"isPartOf\":{\"@id\":\"https:\/\/www.memory-star-kids.com\/de\/#website\"},\"datePublished\":\"2025-11-27T14:14:31+00:00\",\"dateModified\":\"2025-12-28T22:43:43+00:00\",\"description\":\"In unserem Kurs \\\"Das Geheimnis von Pythagoria\\\" lernt das Kind spielerisch und leicht in nur 8 Unterrichten die gesamte Einmaleins-Tabelle.\",\"breadcrumb\":{\"@id\":\"https:\/\/www.memory-star-kids.com\/de\/lernwelt\/kostenloser-einmaleins-test\/#breadcrumb\"},\"inLanguage\":\"de\",\"potentialAction\":[{\"@type\":\"ReadAction\",\"target\":[\"https:\/\/www.memory-star-kids.com\/de\/lernwelt\/kostenloser-einmaleins-test\/\"]}]},{\"@type\":\"BreadcrumbList\",\"@id\":\"https:\/\/www.memory-star-kids.com\/de\/lernwelt\/kostenloser-einmaleins-test\/#breadcrumb\",\"itemListElement\":[{\"@type\":\"ListItem\",\"position\":1,\"name\":\"Startseite\",\"item\":\"https:\/\/www.memory-star-kids.com\/de\/\"},{\"@type\":\"ListItem\",\"position\":2,\"name\":\"Lernwelt\",\"item\":\"https:\/\/www.memory-star-kids.com\/de\/lernwelt\/\"},{\"@type\":\"ListItem\",\"position\":3,\"name\":\"Kostenloser Einmaleins-Test\"}]},{\"@type\":\"WebSite\",\"@id\":\"https:\/\/www.memory-star-kids.com\/de\/#website\",\"url\":\"https:\/\/www.memory-star-kids.com\/de\/\",\"name\":\"Memory Star Kids\",\"description\":\"\",\"publisher\":{\"@id\":\"https:\/\/www.memory-star-kids.com\/de\/#organization\"},\"potentialAction\":[{\"@type\":\"SearchAction\",\"target\":{\"@type\":\"EntryPoint\",\"urlTemplate\":\"https:\/\/www.memory-star-kids.com\/de\/?s={search_term_string}\"},\"query-input\":{\"@type\":\"PropertyValueSpecification\",\"valueRequired\":true,\"valueName\":\"search_term_string\"}}],\"inLanguage\":\"de\"},{\"@type\":\"Organization\",\"@id\":\"https:\/\/www.memory-star-kids.com\/de\/#organization\",\"name\":\"MEMORY STAR KIDS\",\"url\":\"https:\/\/www.memory-star-kids.com\/de\/\",\"logo\":{\"@type\":\"ImageObject\",\"inLanguage\":\"de\",\"@id\":\"https:\/\/www.memory-star-kids.com\/de\/#\/schema\/logo\/image\/\",\"url\":\"https:\/\/www.memory-star-kids.com\/wp-content\/uploads\/2020\/06\/msk_WEB-logo-24.png\",\"contentUrl\":\"https:\/\/www.memory-star-kids.com\/wp-content\/uploads\/2020\/06\/msk_WEB-logo-24.png\",\"width\":300,\"height\":131,\"caption\":\"MEMORY STAR KIDS\"},\"image\":{\"@id\":\"https:\/\/www.memory-star-kids.com\/de\/#\/schema\/logo\/image\/\"},\"sameAs\":[\"https:\/\/www.facebook.com\/memorystarkidsru\/\",\"https:\/\/www.instagram.com\/memorystarkids\/\",\"https:\/\/www.youtube.com\/channel\/UCrLNWccwr78ERjLA2pbF8JQ\"]}]}<\/script>\n<!-- \/ Yoast SEO plugin. -->","yoast_head_json":{"title":"Kostenloser Einmaleins-Test - Memory Star Kids","description":"In unserem Kurs \"Das Geheimnis von Pythagoria\" lernt das Kind spielerisch und leicht in nur 8 Unterrichten die gesamte Einmaleins-Tabelle.","robots":{"index":"index","follow":"follow","max-snippet":"max-snippet:-1","max-image-preview":"max-image-preview:large","max-video-preview":"max-video-preview:-1"},"canonical":"https:\/\/www.memory-star-kids.com\/de\/lernwelt\/kostenloser-einmaleins-test\/","og_locale":"de_DE","og_type":"article","og_title":"Kostenloser Einmaleins-Test - Memory Star Kids","og_description":"In unserem Kurs \"Das Geheimnis von Pythagoria\" lernt das Kind spielerisch und leicht in nur 8 Unterrichten die gesamte Einmaleins-Tabelle.","og_url":"https:\/\/www.memory-star-kids.com\/de\/lernwelt\/kostenloser-einmaleins-test\/","og_site_name":"Memory Star Kids","article_publisher":"https:\/\/www.facebook.com\/memorystarkidsru\/","article_modified_time":"2025-12-28T22:43:43+00:00","twitter_card":"summary_large_image","twitter_image":"false","twitter_misc":{"Gesch\u00e4tzte Lesezeit":"2\u00a0Minuten"},"schema":{"@context":"https:\/\/schema.org","@graph":[{"@type":"WebPage","@id":"https:\/\/www.memory-star-kids.com\/de\/lernwelt\/kostenloser-einmaleins-test\/","url":"https:\/\/www.memory-star-kids.com\/de\/lernwelt\/kostenloser-einmaleins-test\/","name":"Kostenloser Einmaleins-Test - Memory Star Kids","isPartOf":{"@id":"https:\/\/www.memory-star-kids.com\/de\/#website"},"datePublished":"2025-11-27T14:14:31+00:00","dateModified":"2025-12-28T22:43:43+00:00","description":"In unserem Kurs \"Das Geheimnis von Pythagoria\" lernt das Kind spielerisch und leicht in nur 8 Unterrichten die gesamte Einmaleins-Tabelle.","breadcrumb":{"@id":"https:\/\/www.memory-star-kids.com\/de\/lernwelt\/kostenloser-einmaleins-test\/#breadcrumb"},"inLanguage":"de","potentialAction":[{"@type":"ReadAction","target":["https:\/\/www.memory-star-kids.com\/de\/lernwelt\/kostenloser-einmaleins-test\/"]}]},{"@type":"BreadcrumbList","@id":"https:\/\/www.memory-star-kids.com\/de\/lernwelt\/kostenloser-einmaleins-test\/#breadcrumb","itemListElement":[{"@type":"ListItem","position":1,"name":"Startseite","item":"https:\/\/www.memory-star-kids.com\/de\/"},{"@type":"ListItem","position":2,"name":"Lernwelt","item":"https:\/\/www.memory-star-kids.com\/de\/lernwelt\/"},{"@type":"ListItem","position":3,"name":"Kostenloser Einmaleins-Test"}]},{"@type":"WebSite","@id":"https:\/\/www.memory-star-kids.com\/de\/#website","url":"https:\/\/www.memory-star-kids.com\/de\/","name":"Memory Star Kids","description":"","publisher":{"@id":"https:\/\/www.memory-star-kids.com\/de\/#organization"},"potentialAction":[{"@type":"SearchAction","target":{"@type":"EntryPoint","urlTemplate":"https:\/\/www.memory-star-kids.com\/de\/?s={search_term_string}"},"query-input":{"@type":"PropertyValueSpecification","valueRequired":true,"valueName":"search_term_string"}}],"inLanguage":"de"},{"@type":"Organization","@id":"https:\/\/www.memory-star-kids.com\/de\/#organization","name":"MEMORY STAR KIDS","url":"https:\/\/www.memory-star-kids.com\/de\/","logo":{"@type":"ImageObject","inLanguage":"de","@id":"https:\/\/www.memory-star-kids.com\/de\/#\/schema\/logo\/image\/","url":"https:\/\/www.memory-star-kids.com\/wp-content\/uploads\/2020\/06\/msk_WEB-logo-24.png","contentUrl":"https:\/\/www.memory-star-kids.com\/wp-content\/uploads\/2020\/06\/msk_WEB-logo-24.png","width":300,"height":131,"caption":"MEMORY STAR KIDS"},"image":{"@id":"https:\/\/www.memory-star-kids.com\/de\/#\/schema\/logo\/image\/"},"sameAs":["https:\/\/www.facebook.com\/memorystarkidsru\/","https:\/\/www.instagram.com\/memorystarkids\/","https:\/\/www.youtube.com\/channel\/UCrLNWccwr78ERjLA2pbF8JQ"]}]}},"jetpack_sharing_enabled":true,"_links":{"self":[{"href":"https:\/\/www.memory-star-kids.com\/de\/wp-json\/wp\/v2\/pages\/10923","targetHints":{"allow":["GET"]}}],"collection":[{"href":"https:\/\/www.memory-star-kids.com\/de\/wp-json\/wp\/v2\/pages"}],"about":[{"href":"https:\/\/www.memory-star-kids.com\/de\/wp-json\/wp\/v2\/types\/page"}],"author":[{"embeddable":true,"href":"https:\/\/www.memory-star-kids.com\/de\/wp-json\/wp\/v2\/users\/2"}],"replies":[{"embeddable":true,"href":"https:\/\/www.memory-star-kids.com\/de\/wp-json\/wp\/v2\/comments?post=10923"}],"version-history":[{"count":15,"href":"https:\/\/www.memory-star-kids.com\/de\/wp-json\/wp\/v2\/pages\/10923\/revisions"}],"predecessor-version":[{"id":11515,"href":"https:\/\/www.memory-star-kids.com\/de\/wp-json\/wp\/v2\/pages\/10923\/revisions\/11515"}],"up":[{"embeddable":true,"href":"https:\/\/www.memory-star-kids.com\/de\/wp-json\/wp\/v2\/pages\/10886"}],"wp:attachment":[{"href":"https:\/\/www.memory-star-kids.com\/de\/wp-json\/wp\/v2\/media?parent=10923"}],"curies":[{"name":"wp","href":"https:\/\/api.w.org\/{rel}","templated":true}]}}