{"id":1032,"date":"2020-06-20T15:25:43","date_gmt":"2020-06-20T15:25:43","guid":{"rendered":"https:\/\/msk-wp.memory-star-kids.com\/thema\/was-ist-mental-arithmetik-copy\/"},"modified":"2026-03-24T17:22:26","modified_gmt":"2026-03-24T17:22:26","slug":"abakus","status":"publish","type":"page","link":"https:\/\/www.memory-star-kids.com\/de\/thema\/abakus\/","title":{"rendered":"Was ist ein Abakus?"},"content":{"rendered":"<section class=\"l-section wpb_row height_auto width_full\"><div class=\"l-section-h i-cf\"><div class=\"g-cols vc_row via_grid cols_1 laptops-cols_inherit tablets-cols_inherit mobiles-cols_1 valign_top type_default stacking_default\"><div class=\"wpb_column vc_column_container\"><div class=\"vc_column-inner\"><div class=\"w-image align_none\"><div class=\"w-image-h\"><img decoding=\"async\" width=\"1900\" height=\"400\" src=\"https:\/\/www.memory-star-kids.com\/wp-content\/uploads\/2020\/06\/slidershow_Abakus-3.jpg\" class=\"attachment-full size-full\" alt=\"\" loading=\"lazy\" srcset=\"https:\/\/www.memory-star-kids.com\/wp-content\/uploads\/2020\/06\/slidershow_Abakus-3.jpg 1900w, https:\/\/www.memory-star-kids.com\/wp-content\/uploads\/2020\/06\/slidershow_Abakus-3-300x63.jpg 300w, https:\/\/www.memory-star-kids.com\/wp-content\/uploads\/2020\/06\/slidershow_Abakus-3-1024x216.jpg 1024w, https:\/\/www.memory-star-kids.com\/wp-content\/uploads\/2020\/06\/slidershow_Abakus-3-600x126.jpg 600w\" sizes=\"auto, (max-width: 1900px) 100vw, 1900px\" \/><\/div><\/div><\/div><\/div><\/div><\/div><\/section><section class=\"l-section wpb_row height_small\"><div class=\"l-section-h i-cf\"><div class=\"g-cols vc_row via_grid cols_1 laptops-cols_inherit tablets-cols_inherit mobiles-cols_1 valign_top type_default stacking_default\"><div class=\"wpb_column vc_column_container text-msk-animated text-obelix\"><div class=\"vc_column-inner\"><div class=\"wpb_text_column\"><div class=\"wpb_wrapper\"><h1 style=\"text-align: center;\">Was ist ein Abakus?<\/h1>\n<\/div><\/div><div class=\"w-separator us_custom_053637e0 has_text_color size_custom with_line width_default thick_2 style_dotted color_border align_center with_content\" style=\"height:\"><div class=\"w-separator-h\"><i class=\"fas fa-star\"><\/i><\/div><\/div><\/div><\/div><\/div><\/div><\/section><section class=\"l-section wpb_row height_small\"><div class=\"l-section-h i-cf\"><div class=\"g-cols vc_row via_grid cols_1 laptops-cols_inherit tablets-cols_inherit mobiles-cols_1 valign_top type_default stacking_default\"><div class=\"wpb_column vc_column_container\"><div class=\"vc_column-inner\"><div class=\"wpb_text_column\"><div class=\"wpb_wrapper\"><p style=\"text-align: center;\">Der Abakus ist ein Rechenhilfsmittel mit einer langen Tradition in Asien und Europa.<br \/>\nIm Laufe der Zeit hat sich das Erscheinungsbild und die Funktionsweise in verschiedenen Regionen unterschiedlich entwickelt.<\/p>\n<\/div><\/div><\/div><\/div><\/div><\/div><\/section><section class=\"l-section wpb_row height_small\"><div class=\"l-section-h i-cf\"><div class=\"g-cols vc_row via_grid cols_1-2 laptops-cols_inherit tablets-cols_inherit mobiles-cols_1 valign_top type_default stacking_default\"><div class=\"wpb_column vc_column_container\"><div class=\"vc_column-inner\"><div class=\"w-image align_none\"><div class=\"w-image-h\"><img decoding=\"async\" width=\"568\" height=\"437\" src=\"https:\/\/www.memory-star-kids.com\/wp-content\/uploads\/2020\/06\/skizze-soroban-abakus.png\" class=\"attachment-large size-large\" alt=\"\" loading=\"lazy\" srcset=\"https:\/\/www.memory-star-kids.com\/wp-content\/uploads\/2020\/06\/skizze-soroban-abakus.png 568w, https:\/\/www.memory-star-kids.com\/wp-content\/uploads\/2020\/06\/skizze-soroban-abakus-300x231.png 300w\" sizes=\"auto, (max-width: 568px) 100vw, 568px\" \/><\/div><\/div><div class=\"wpb_text_column us_custom_94351faa has_text_color\"><div class=\"wpb_wrapper\"><h2 class=\"text-msk-1 text-center py-2 px-3 d-inline-block\" style=\"text-align: center;\"><span class=\"pl-3\">Soroban-Rechner<\/span><\/h2>\n<\/div><\/div><\/div><\/div><div class=\"wpb_column vc_column_container\"><div class=\"vc_column-inner\"><div class=\"wpb_text_column us_custom_94351faa has_text_color\"><div class=\"wpb_wrapper\"><h3 style=\"text-align: left;\">Wie funktioniert ein Abakus?<\/h3>\n<\/div><\/div><div class=\"wpb_text_column\"><div class=\"wpb_wrapper\"><p>Grunds\u00e4tzlich funktionieren alle Varianten des Abakus \u00e4hnlich. Perlen sind an einer Achse befestigt. Die Perlen k\u00f6nnen auf der Achse verschoben werden. Meist existieren mehrere vertikale Achsen nebeneinander. Je nach Abakus-Typ kann die Achse horizontal oder vertikal angeordnet sein. Auf jeder Achse lassen sich die Ziffern 0 bis 9 darstellen, wobei die Ziffern aller Achsen zusammen eine Zahl ergeben.<\/p>\n<\/div><\/div><div class=\"wpb_text_column us_custom_94351faa has_text_color\"><div class=\"wpb_wrapper\"><h3 class=\"text-msk-1 text-uppercase mb-3\" style=\"text-align: left;\">Soroban &#8211; Der moderne Abakus<\/h3>\n<\/div><\/div><div class=\"wpb_text_column\"><div class=\"wpb_wrapper\"><p>Der \u00bbSoroban\u00ab ist der heute am h\u00e4ufigsten verwendete Abakus. Er stammt urspr\u00fcnglich aus China und wurde in Japan weiterentwickelt. Die vertikale Achse hat hier zwei Bereiche, wobei die obere Perle von den unteren Perlen durch eine horizontale Achse getrennt ist. Die obere Perle bedeutet 0 oder 5 und die unteren Perlen k\u00f6nnen auf 0 bis 4 eingstellt werden. Durch Addition lassen sich je Achse die Ziffern von 0 bis 9 darstellen.<\/p>\n<\/div><\/div><\/div><\/div><\/div><\/div><\/section><section class=\"l-section wpb_row us_custom_a6def53a height_small\"><div class=\"l-section-h i-cf\"><div class=\"g-cols vc_row via_grid cols_2-1 laptops-cols_inherit tablets-cols_inherit mobiles-cols_1 valign_top type_default stacking_default\"><div class=\"wpb_column vc_column_container\"><div class=\"vc_column-inner\"><div class=\"wpb_text_column us_custom_8e9f4c45 has_text_color\"><div class=\"wpb_wrapper\"><h3 style=\"text-align: left;\">Geschichte des Abakus<\/h3>\n<\/div><\/div><div class=\"wpb_text_column\"><div class=\"wpb_wrapper\"><p>Im 14. Jahrhundert kam der Suanpan-Abakus aus China \u00fcber Korea nach Japan. H\u00e4ndler waren dort die ersten Personen, die den Suanpan zum Rechnen verwendeten. Erst w\u00e4hrend des 17. Jahrhunderts verbreitete sich der Abakus in ganz Japan. Gegen 1850 wurde der Suanpan schrittweise weiterentwickelt und es entstand der bis heute bekannte Soroban.<\/p>\n<\/div><\/div><div class=\"wpb_text_column us_custom_6cf10ada has_text_color\"><div class=\"wpb_wrapper\"><h3 class=\"text-msk-1 text-uppercase mb-3\" style=\"text-align: left;\">Abakus wird immer beliebter<\/h3>\n<\/div><\/div><div class=\"wpb_text_column\"><div class=\"wpb_wrapper\"><p>An japanischen Grundschulen wird der Soroban heute noch angewendet. Es hilft den Kindern das Zahlensystem zu visualisieren, was als mentale Arithmetik bezeichnet wird. Aktuell gibt es weltweit einen Trend, der mentaler Arithmetik und dem Soroban-Abakus zu immer mehr Beliebtheit verhilft.<\/p>\n<\/div><\/div><\/div><\/div><div class=\"wpb_column vc_column_container\"><div class=\"vc_column-inner\"><div class=\"w-image align_right\"><div class=\"w-image-h\"><img decoding=\"async\" width=\"300\" height=\"300\" src=\"https:\/\/www.memory-star-kids.com\/wp-content\/uploads\/2020\/06\/abakus2-300x300.png\" class=\"attachment-medium size-medium\" alt=\"\" loading=\"lazy\" srcset=\"https:\/\/www.memory-star-kids.com\/wp-content\/uploads\/2020\/06\/abakus2-300x300.png 300w, https:\/\/www.memory-star-kids.com\/wp-content\/uploads\/2020\/06\/abakus2-150x150.png 150w, https:\/\/www.memory-star-kids.com\/wp-content\/uploads\/2020\/06\/abakus2.png 600w\" sizes=\"auto, (max-width: 300px) 100vw, 300px\" \/><\/div><\/div><\/div><\/div><\/div><\/div><\/section><section class=\"l-section wpb_row height_small\"><div class=\"l-section-h i-cf\"><div class=\"g-cols vc_row via_grid cols_1 laptops-cols_inherit tablets-cols_inherit mobiles-cols_1 valign_top type_default stacking_default\"><div class=\"wpb_column vc_column_container\"><div class=\"vc_column-inner\"><div class=\"wpb_text_column us_custom_29c154c6 has_text_color\"><div class=\"wpb_wrapper\"><h2 class=\"text-msk-1 text-center py-2 px-3 d-inline-block\" style=\"text-align: center;\"><span class=\"pl-3\">Soroban-Rechner<\/span><\/h2>\n<\/div><\/div><div class=\"wpb_text_column\"><div class=\"wpb_wrapper\"><p style=\"text-align: center;\">Hier k\u00f6nnen Sie experimentieren, wie der Abakus funktioniert.<br \/>\nVersuchen Sie doch einmal, Ihr Geburtsjahr oder das Ihres Kindes einzustellen.<\/p>\n<p style=\"text-align: center;\">Tipp: Ber\u00fchren Sie eine Perle und schauen Sie, was passiert. Sie k\u00f6nnen auch die Zahl durch Ber\u00fchren ver\u00e4ndern.<\/p>\n<\/div><\/div><div class=\"g-cols wpb_row via_grid cols_1 laptops-cols_inherit tablets-cols_inherit mobiles-cols_1 valign_top type_default stacking_default\" style=\"--columns-gap:3rem;\"><div class=\"wpb_column vc_column_container\"><div class=\"vc_column-inner\">[vc_raw_html css=&#8220;%7B%22default%22%3A%7B%22width%22%3A%22100%25%22%2C%22height%22%3A%22460px%22%7D%7D&#8220;]JTNDaWZyYW1lJTIwc3JjJTNEJTIyaHR0cHMlM0ElMkYlMkZ3d3cubWVtb3J5LXN0YXIta2lkcy5jb20lMkZtaW5pLWFwcHMlMkZtc2stdmlydHVhbC1hYmFjdXMlM0ZsYW5nQ29kZSUzRGRlJTIyJTIwc3R5bGUlM0QlMjJ3aWR0aCUzQTEwMCUyNSUzQiUyMGhlaWdodCUzQTQ2MHB4JTNCJTIwYm9yZGVyJTNBMCUyMiUzRSUzQyUyRmlmcmFtZSUzRQ==[\/vc_raw_html]<\/div><\/div><\/div><\/div><\/div><\/div><\/div><\/section><section class=\"l-section wpb_row us_custom_fa128ca1 height_small\"><div class=\"l-section-h i-cf\"><div class=\"g-cols vc_row via_grid cols_1 laptops-cols_inherit tablets-cols_inherit mobiles-cols_1 valign_top type_default stacking_default\"><div class=\"wpb_column vc_column_container\"><div class=\"vc_column-inner\"><div class=\"wpb_text_column us_custom_b104eac9 has_text_color\"><div class=\"wpb_wrapper\"><h2 style=\"text-align: center;\">Mehr interessante Themen<\/h2>\n<\/div><\/div><div class=\"wpb_text_column us_custom_999667a3\"><div class=\"wpb_wrapper\"><p style=\"text-align: center;\">Wir haben viele weitere interessante Themen f\u00fcr Sie vorbereitet!<\/p>\n<\/div><\/div><div class=\"g-cols wpb_row via_grid cols_5 laptops-cols_inherit tablets-cols_inherit mobiles-cols_1 valign_top type_default stacking_default\" style=\"--columns-gap:3rem;\"><div class=\"wpb_column vc_column_container\"><div class=\"vc_column-inner\"><div class=\"w-ibanner us_custom_72523d53 has_text_color animation_phorcys ratio_1x1 easing_ease\"><div class=\"w-ibanner-h\"><div class=\"w-ibanner-image\" style=\"background-image: url(https:\/\/www.memory-star-kids.com\/wp-content\/uploads\/2020\/06\/online_unterricht.jpg)\"><\/div><div class=\"w-ibanner-content\"><div class=\"w-ibanner-content-h\"><h6 class=\"w-ibanner-title\">Online lernen<\/h6><div class=\"w-ibanner-desc\"><\/div><\/div><\/div><\/div><\/div><\/div><\/div><div class=\"wpb_column vc_column_container\"><div class=\"vc_column-inner\"><div class=\"w-ibanner us_custom_c24650fe has_text_color animation_phorcys ratio_1x1 easing_ease\"><div class=\"w-ibanner-h\"><div class=\"w-ibanner-image\" style=\"background-image: url(https:\/\/www.memory-star-kids.com\/wp-content\/uploads\/2020\/07\/Life-Kineti-01-3.jpg)\"><\/div><div class=\"w-ibanner-content\"><div class=\"w-ibanner-content-h\"><h6 class=\"w-ibanner-title\">Kurse vor Ort<\/h6><div class=\"w-ibanner-desc\"><\/div><\/div><\/div><\/div><\/div><\/div><\/div><div class=\"wpb_column vc_column_container\"><div class=\"vc_column-inner\"><div class=\"w-ibanner us_custom_9f77612e has_text_color animation_phorcys ratio_1x1 easing_ease\"><div class=\"w-ibanner-h\"><div class=\"w-ibanner-image\" style=\"background-image: url(https:\/\/www.memory-star-kids.com\/wp-content\/uploads\/2020\/06\/logik1.png)\"><\/div><div class=\"w-ibanner-content\"><div class=\"w-ibanner-content-h\"><h6 class=\"w-ibanner-title\">Standorte<\/h6><div class=\"w-ibanner-desc\"><\/div><\/div><\/div><\/div><\/div><\/div><\/div><div class=\"wpb_column vc_column_container\"><div class=\"vc_column-inner\"><div class=\"w-ibanner us_custom_b5a2acae has_text_color animation_phorcys ratio_1x1 easing_ease\"><div class=\"w-ibanner-h\"><div class=\"w-ibanner-image\" style=\"background-image: url(https:\/\/www.memory-star-kids.com\/wp-content\/uploads\/2020\/07\/Mnemotechnik-08.jpg)\"><\/div><div class=\"w-ibanner-content\"><div class=\"w-ibanner-content-h\"><h6 class=\"w-ibanner-title\">Mnemotechnik<\/h6><div class=\"w-ibanner-desc\"><\/div><\/div><\/div><\/div><\/div><\/div><\/div><div class=\"wpb_column vc_column_container\"><div class=\"vc_column-inner\"><div class=\"w-ibanner us_custom_77ccb78e has_text_color animation_phorcys ratio_1x1 easing_ease\"><div class=\"w-ibanner-h\"><div class=\"w-ibanner-image\" style=\"background-image: url(https:\/\/www.memory-star-kids.com\/wp-content\/uploads\/2020\/06\/shop.jpg)\"><\/div><div class=\"w-ibanner-content\"><div class=\"w-ibanner-content-h\"><h6 class=\"w-ibanner-title\">Shop<\/h6><div class=\"w-ibanner-desc\"><\/div><\/div><\/div><\/div><\/div><\/div><\/div><\/div><\/div><\/div><\/div><\/div><\/section>\n","protected":false},"excerpt":{"rendered":"Was ist ein Abakus? Der Abakus ist ein Rechenhilfsmittel mit einer langen Tradition in Asien und Europa. Im Laufe der Zeit hat sich das Erscheinungsbild und die Funktionsweise in verschiedenen Regionen unterschiedlich entwickelt. Soroban-Rechner Wie funktioniert ein Abakus? Grunds\u00e4tzlich funktionieren alle Varianten des Abakus \u00e4hnlich. Perlen sind an einer Achse befestigt. Die Perlen k\u00f6nnen auf...","protected":false},"author":1,"featured_media":0,"parent":64,"menu_order":1,"comment_status":"closed","ping_status":"closed","template":"","meta":{"_acf_changed":false,"_monsterinsights_skip_tracking":false,"_monsterinsights_sitenote_active":false,"_monsterinsights_sitenote_note":"","_monsterinsights_sitenote_category":0,"_uf_show_specific_survey":0,"_uf_disable_surveys":false,"footnotes":""},"class_list":["post-1032","page","type-page","status-publish","hentry"],"acf":[],"aioseo_notices":[],"yoast_head":"<!-- This site is optimized with the Yoast SEO plugin v26.4 - https:\/\/yoast.com\/wordpress\/plugins\/seo\/ -->\n<title>Was ist ein Abakus? - Memory Star Kids<\/title>\n<meta name=\"description\" content=\"Erfahren Sie interaktiv, was ein Abakus ist und wie er funktioniert. Der japanische Soroban ist heutzutage die beliebteste Abakus-Variante.\" \/>\n<meta name=\"robots\" content=\"index, follow, max-snippet:-1, max-image-preview:large, max-video-preview:-1\" \/>\n<link rel=\"canonical\" href=\"https:\/\/www.memory-star-kids.com\/de\/thema\/abakus\/\" \/>\n<meta property=\"og:locale\" content=\"de_DE\" \/>\n<meta property=\"og:type\" content=\"article\" \/>\n<meta property=\"og:title\" content=\"Was ist ein Abakus? - Memory Star Kids\" \/>\n<meta property=\"og:description\" content=\"Erfahren Sie interaktiv, was ein Abakus ist und wie er funktioniert. Der japanische Soroban ist heutzutage die beliebteste Abakus-Variante.\" \/>\n<meta property=\"og:url\" content=\"https:\/\/www.memory-star-kids.com\/de\/thema\/abakus\/\" \/>\n<meta property=\"og:site_name\" content=\"Memory Star Kids\" \/>\n<meta property=\"article:publisher\" content=\"https:\/\/www.facebook.com\/memorystarkidsru\/\" \/>\n<meta property=\"article:modified_time\" content=\"2026-03-24T17:22:26+00:00\" \/>\n<meta name=\"twitter:card\" content=\"summary_large_image\" \/>\n<meta name=\"twitter:label1\" content=\"Gesch\u00e4tzte Lesezeit\" \/>\n\t<meta name=\"twitter:data1\" content=\"3\u00a0Minuten\" \/>\n<script type=\"application\/ld+json\" class=\"yoast-schema-graph\">{\"@context\":\"https:\/\/schema.org\",\"@graph\":[{\"@type\":\"WebPage\",\"@id\":\"https:\/\/www.memory-star-kids.com\/de\/thema\/abakus\/\",\"url\":\"https:\/\/www.memory-star-kids.com\/de\/thema\/abakus\/\",\"name\":\"Was ist ein Abakus? - Memory Star Kids\",\"isPartOf\":{\"@id\":\"https:\/\/www.memory-star-kids.com\/de\/#website\"},\"datePublished\":\"2020-06-20T15:25:43+00:00\",\"dateModified\":\"2026-03-24T17:22:26+00:00\",\"description\":\"Erfahren Sie interaktiv, was ein Abakus ist und wie er funktioniert. Der japanische Soroban ist heutzutage die beliebteste Abakus-Variante.\",\"breadcrumb\":{\"@id\":\"https:\/\/www.memory-star-kids.com\/de\/thema\/abakus\/#breadcrumb\"},\"inLanguage\":\"de\",\"potentialAction\":[{\"@type\":\"ReadAction\",\"target\":[\"https:\/\/www.memory-star-kids.com\/de\/thema\/abakus\/\"]}]},{\"@type\":\"BreadcrumbList\",\"@id\":\"https:\/\/www.memory-star-kids.com\/de\/thema\/abakus\/#breadcrumb\",\"itemListElement\":[{\"@type\":\"ListItem\",\"position\":1,\"name\":\"Startseite\",\"item\":\"https:\/\/www.memory-star-kids.com\/de\/\"},{\"@type\":\"ListItem\",\"position\":2,\"name\":\"Thema\",\"item\":\"https:\/\/www.memory-star-kids.com\/de\/thema\/\"},{\"@type\":\"ListItem\",\"position\":3,\"name\":\"Was ist ein Abakus?\"}]},{\"@type\":\"WebSite\",\"@id\":\"https:\/\/www.memory-star-kids.com\/de\/#website\",\"url\":\"https:\/\/www.memory-star-kids.com\/de\/\",\"name\":\"Memory Star Kids\",\"description\":\"\",\"publisher\":{\"@id\":\"https:\/\/www.memory-star-kids.com\/de\/#organization\"},\"potentialAction\":[{\"@type\":\"SearchAction\",\"target\":{\"@type\":\"EntryPoint\",\"urlTemplate\":\"https:\/\/www.memory-star-kids.com\/de\/?s={search_term_string}\"},\"query-input\":{\"@type\":\"PropertyValueSpecification\",\"valueRequired\":true,\"valueName\":\"search_term_string\"}}],\"inLanguage\":\"de\"},{\"@type\":\"Organization\",\"@id\":\"https:\/\/www.memory-star-kids.com\/de\/#organization\",\"name\":\"MEMORY STAR KIDS\",\"url\":\"https:\/\/www.memory-star-kids.com\/de\/\",\"logo\":{\"@type\":\"ImageObject\",\"inLanguage\":\"de\",\"@id\":\"https:\/\/www.memory-star-kids.com\/de\/#\/schema\/logo\/image\/\",\"url\":\"https:\/\/www.memory-star-kids.com\/wp-content\/uploads\/2020\/06\/msk_WEB-logo-24.png\",\"contentUrl\":\"https:\/\/www.memory-star-kids.com\/wp-content\/uploads\/2020\/06\/msk_WEB-logo-24.png\",\"width\":300,\"height\":131,\"caption\":\"MEMORY STAR KIDS\"},\"image\":{\"@id\":\"https:\/\/www.memory-star-kids.com\/de\/#\/schema\/logo\/image\/\"},\"sameAs\":[\"https:\/\/www.facebook.com\/memorystarkidsru\/\",\"https:\/\/www.instagram.com\/memorystarkids\/\",\"https:\/\/www.youtube.com\/channel\/UCrLNWccwr78ERjLA2pbF8JQ\"]}]}<\/script>\n<!-- \/ Yoast SEO plugin. -->","yoast_head_json":{"title":"Was ist ein Abakus? - Memory Star Kids","description":"Erfahren Sie interaktiv, was ein Abakus ist und wie er funktioniert. Der japanische Soroban ist heutzutage die beliebteste Abakus-Variante.","robots":{"index":"index","follow":"follow","max-snippet":"max-snippet:-1","max-image-preview":"max-image-preview:large","max-video-preview":"max-video-preview:-1"},"canonical":"https:\/\/www.memory-star-kids.com\/de\/thema\/abakus\/","og_locale":"de_DE","og_type":"article","og_title":"Was ist ein Abakus? - Memory Star Kids","og_description":"Erfahren Sie interaktiv, was ein Abakus ist und wie er funktioniert. Der japanische Soroban ist heutzutage die beliebteste Abakus-Variante.","og_url":"https:\/\/www.memory-star-kids.com\/de\/thema\/abakus\/","og_site_name":"Memory Star Kids","article_publisher":"https:\/\/www.facebook.com\/memorystarkidsru\/","article_modified_time":"2026-03-24T17:22:26+00:00","twitter_card":"summary_large_image","twitter_misc":{"Gesch\u00e4tzte Lesezeit":"3\u00a0Minuten"},"schema":{"@context":"https:\/\/schema.org","@graph":[{"@type":"WebPage","@id":"https:\/\/www.memory-star-kids.com\/de\/thema\/abakus\/","url":"https:\/\/www.memory-star-kids.com\/de\/thema\/abakus\/","name":"Was ist ein Abakus? - Memory Star Kids","isPartOf":{"@id":"https:\/\/www.memory-star-kids.com\/de\/#website"},"datePublished":"2020-06-20T15:25:43+00:00","dateModified":"2026-03-24T17:22:26+00:00","description":"Erfahren Sie interaktiv, was ein Abakus ist und wie er funktioniert. Der japanische Soroban ist heutzutage die beliebteste Abakus-Variante.","breadcrumb":{"@id":"https:\/\/www.memory-star-kids.com\/de\/thema\/abakus\/#breadcrumb"},"inLanguage":"de","potentialAction":[{"@type":"ReadAction","target":["https:\/\/www.memory-star-kids.com\/de\/thema\/abakus\/"]}]},{"@type":"BreadcrumbList","@id":"https:\/\/www.memory-star-kids.com\/de\/thema\/abakus\/#breadcrumb","itemListElement":[{"@type":"ListItem","position":1,"name":"Startseite","item":"https:\/\/www.memory-star-kids.com\/de\/"},{"@type":"ListItem","position":2,"name":"Thema","item":"https:\/\/www.memory-star-kids.com\/de\/thema\/"},{"@type":"ListItem","position":3,"name":"Was ist ein Abakus?"}]},{"@type":"WebSite","@id":"https:\/\/www.memory-star-kids.com\/de\/#website","url":"https:\/\/www.memory-star-kids.com\/de\/","name":"Memory Star Kids","description":"","publisher":{"@id":"https:\/\/www.memory-star-kids.com\/de\/#organization"},"potentialAction":[{"@type":"SearchAction","target":{"@type":"EntryPoint","urlTemplate":"https:\/\/www.memory-star-kids.com\/de\/?s={search_term_string}"},"query-input":{"@type":"PropertyValueSpecification","valueRequired":true,"valueName":"search_term_string"}}],"inLanguage":"de"},{"@type":"Organization","@id":"https:\/\/www.memory-star-kids.com\/de\/#organization","name":"MEMORY STAR KIDS","url":"https:\/\/www.memory-star-kids.com\/de\/","logo":{"@type":"ImageObject","inLanguage":"de","@id":"https:\/\/www.memory-star-kids.com\/de\/#\/schema\/logo\/image\/","url":"https:\/\/www.memory-star-kids.com\/wp-content\/uploads\/2020\/06\/msk_WEB-logo-24.png","contentUrl":"https:\/\/www.memory-star-kids.com\/wp-content\/uploads\/2020\/06\/msk_WEB-logo-24.png","width":300,"height":131,"caption":"MEMORY STAR KIDS"},"image":{"@id":"https:\/\/www.memory-star-kids.com\/de\/#\/schema\/logo\/image\/"},"sameAs":["https:\/\/www.facebook.com\/memorystarkidsru\/","https:\/\/www.instagram.com\/memorystarkids\/","https:\/\/www.youtube.com\/channel\/UCrLNWccwr78ERjLA2pbF8JQ"]}]}},"jetpack_sharing_enabled":true,"_links":{"self":[{"href":"https:\/\/www.memory-star-kids.com\/de\/wp-json\/wp\/v2\/pages\/1032","targetHints":{"allow":["GET"]}}],"collection":[{"href":"https:\/\/www.memory-star-kids.com\/de\/wp-json\/wp\/v2\/pages"}],"about":[{"href":"https:\/\/www.memory-star-kids.com\/de\/wp-json\/wp\/v2\/types\/page"}],"author":[{"embeddable":true,"href":"https:\/\/www.memory-star-kids.com\/de\/wp-json\/wp\/v2\/users\/1"}],"replies":[{"embeddable":true,"href":"https:\/\/www.memory-star-kids.com\/de\/wp-json\/wp\/v2\/comments?post=1032"}],"version-history":[{"count":2,"href":"https:\/\/www.memory-star-kids.com\/de\/wp-json\/wp\/v2\/pages\/1032\/revisions"}],"predecessor-version":[{"id":11739,"href":"https:\/\/www.memory-star-kids.com\/de\/wp-json\/wp\/v2\/pages\/1032\/revisions\/11739"}],"up":[{"embeddable":true,"href":"https:\/\/www.memory-star-kids.com\/de\/wp-json\/wp\/v2\/pages\/64"}],"wp:attachment":[{"href":"https:\/\/www.memory-star-kids.com\/de\/wp-json\/wp\/v2\/media?parent=1032"}],"curies":[{"name":"wp","href":"https:\/\/api.w.org\/{rel}","templated":true}]}}